{"id":60,"date":"2024-10-30T10:45:13","date_gmt":"2024-10-30T08:45:13","guid":{"rendered":"https:\/\/sikastudio.ro\/?page_id=60"},"modified":"2025-06-10T16:15:06","modified_gmt":"2025-06-10T14:15:06","slug":"galerie-renovari-interioare","status":"publish","type":"page","link":"https:\/\/sikastudio.ro\/en\/galerie-renovari-interioare\/","title":{"rendered":"Gallery"},"content":{"rendered":"<div data-elementor-type=\"wp-page\" data-elementor-id=\"60\" class=\"elementor elementor-60\" data-elementor-post-type=\"page\">\n\t\t\t\t\t\t<section class=\"elementor-section elementor-top-section elementor-element elementor-element-54822c62 elementor-section-items-stretch elementor-section-content-middle elementor-section-height-min-height elementor-section-boxed elementor-section-height-default\" data-id=\"54822c62\" data-element_type=\"section\" data-settings=\"{&quot;background_background&quot;:&quot;classic&quot;}\">\n\t\t\t\t\t\t\t<div class=\"elementor-background-overlay\"><\/div>\n\t\t\t\t\t\t\t<div class=\"elementor-container elementor-column-gap-no\">\n\t\t\t\t\t<div class=\"elementor-column elementor-col-100 elementor-top-column elementor-element elementor-element-ebf885b\" data-id=\"ebf885b\" data-element_type=\"column\">\n\t\t\t<div class=\"elementor-widget-wrap elementor-element-populated\">\n\t\t\t\t\t\t<div class=\"elementor-element elementor-element-4e7142b5 elementor-widget elementor-widget-text-editor\" data-id=\"4e7142b5\" data-element_type=\"widget\" data-widget_type=\"text-editor.default\">\n\t\t\t\t<div class=\"elementor-widget-container\">\n\t\t\t\t\t\t\t<h1>Cele <span class=\"word\" data-words=\"mai,m\u0103i,m\u00e2i\">mai<\/span> frumoase <span class=\"word\" data-words=\"renov\u0103ri,renovari\">renov\u0103ri<\/span> <span class=\"word\" data-words=\"\u00eencep,incep\">\u00eencep<\/span> cu o idee. Aici <span class=\"word\" data-words=\"sunt,\u0219unt\">sunt<\/span> <span class=\"word\" data-words=\"c\u00e2teva,cateva\">c\u00e2teva<\/span> dintre proiectele cu care ne <span class=\"word\" data-words=\"m\u00e2ndrim,mandrim\">m\u00e2ndrim<\/span>!<\/h1>\t\t\t\t\t\t<\/div>\n\t\t\t\t<\/div>\n\t\t\t\t\t<\/div>\n\t\t<\/div>\n\t\t\t\t\t<\/div>\n\t\t<\/section>\n\t\t\t\t<section class=\"elementor-section elementor-top-section elementor-element elementor-element-68efb52b elementor-section-boxed elementor-section-height-default elementor-section-height-default\" data-id=\"68efb52b\" data-element_type=\"section\">\n\t\t\t\t\t\t<div class=\"elementor-container elementor-column-gap-no\">\n\t\t\t\t\t<div class=\"elementor-column elementor-col-100 elementor-top-column elementor-element elementor-element-5edd1107\" data-id=\"5edd1107\" data-element_type=\"column\">\n\t\t\t<div class=\"elementor-widget-wrap elementor-element-populated\">\n\t\t\t\t\t\t<div class=\"elementor-element elementor-element-07ea80e elementor-grid-3 elementor-grid-tablet-2 elementor-grid-mobile-1 elementor-widget elementor-widget-portfolio\" data-id=\"07ea80e\" data-element_type=\"widget\" data-settings=\"{&quot;item_ratio&quot;:{&quot;unit&quot;:&quot;px&quot;,&quot;size&quot;:0.7,&quot;sizes&quot;:[]},&quot;row_gap&quot;:{&quot;unit&quot;:&quot;px&quot;,&quot;size&quot;:15,&quot;sizes&quot;:[]},&quot;columns&quot;:&quot;3&quot;,&quot;columns_tablet&quot;:&quot;2&quot;,&quot;columns_mobile&quot;:&quot;1&quot;,&quot;item_gap&quot;:{&quot;unit&quot;:&quot;px&quot;,&quot;size&quot;:&quot;&quot;,&quot;sizes&quot;:[]}}\" data-widget_type=\"portfolio.default\">\n\t\t\t\t<div class=\"elementor-widget-container\">\n\t\t\t\t\t<ul class=\"elementor-portfolio__filters\">\n\t\t\t<li class=\"elementor-portfolio__filter elementor-active\" tabindex=\"0\" data-filter=\"__all\">All<\/li>\n\t\t\t\t\t\t\t<li class=\"elementor-portfolio__filter\" tabindex=\"0\" data-filter=\"1\">Renovation<\/li>\n\t\t\t\t\t<\/ul>\n\t\t\t\t<div class=\"elementor-portfolio elementor-grid elementor-posts-container\">\n\t\t\t\t<article class=\"elementor-portfolio-item elementor-post elementor-filter-1 post-709 post type-post status-publish format-standard has-post-thumbnail hentry category-renovare\">\n\t\t\t<a class=\"elementor-post__thumbnail__link\" href=\"https:\/\/sikastudio.ro\/en\/renovare-apartament\/\">\n\t\t\t\t<div class=\"elementor-portfolio-item__img elementor-post__thumbnail\">\n\t\t\t<img fetchpriority=\"high\" decoding=\"async\" width=\"1024\" height=\"683\" src=\"https:\/\/sikastudio.ro\/wp-content\/uploads\/2024\/10\/pexels-bidvine-517980-1249611-1024x683.webp\" class=\"attachment-large size-large wp-image-145\" alt=\"\" srcset=\"https:\/\/sikastudio.ro\/wp-content\/uploads\/2024\/10\/pexels-bidvine-517980-1249611-1024x683.webp 1024w, https:\/\/sikastudio.ro\/wp-content\/uploads\/2024\/10\/pexels-bidvine-517980-1249611-300x200.webp 300w, https:\/\/sikastudio.ro\/wp-content\/uploads\/2024\/10\/pexels-bidvine-517980-1249611-768x512.webp 768w, https:\/\/sikastudio.ro\/wp-content\/uploads\/2024\/10\/pexels-bidvine-517980-1249611-1536x1024.webp 1536w, https:\/\/sikastudio.ro\/wp-content\/uploads\/2024\/10\/pexels-bidvine-517980-1249611-2048x1365.webp 2048w, https:\/\/sikastudio.ro\/wp-content\/uploads\/2024\/10\/pexels-bidvine-517980-1249611-18x12.webp 18w\" sizes=\"(max-width: 1024px) 100vw, 1024px\" \/>\t\t<\/div>\n\t\t\t\t<div class=\"elementor-portfolio-item__overlay\">\n\t\t\t\t<h3 class=\"elementor-portfolio-item__title\">\n\t\tRenovare apartament\t\t<\/h3>\n\t\t\t\t<\/div>\n\t\t\t\t<\/a>\n\t\t<\/article>\n\t\t\t\t<article class=\"elementor-portfolio-item elementor-post elementor-filter-1 post-527 post type-post status-publish format-standard has-post-thumbnail hentry category-renovare\">\n\t\t\t<a class=\"elementor-post__thumbnail__link\" href=\"https:\/\/sikastudio.ro\/en\/montaj-pavaje\/\">\n\t\t\t\t<div class=\"elementor-portfolio-item__img elementor-post__thumbnail\">\n\t\t\t<img decoding=\"async\" width=\"684\" height=\"1024\" src=\"https:\/\/sikastudio.ro\/wp-content\/uploads\/2024\/10\/pexels-kseniachernaya-5691639-684x1024.webp\" class=\"attachment-large size-large wp-image-149\" alt=\"\" srcset=\"https:\/\/sikastudio.ro\/wp-content\/uploads\/2024\/10\/pexels-kseniachernaya-5691639-684x1024.webp 684w, https:\/\/sikastudio.ro\/wp-content\/uploads\/2024\/10\/pexels-kseniachernaya-5691639-200x300.webp 200w, https:\/\/sikastudio.ro\/wp-content\/uploads\/2024\/10\/pexels-kseniachernaya-5691639-768x1150.webp 768w, https:\/\/sikastudio.ro\/wp-content\/uploads\/2024\/10\/pexels-kseniachernaya-5691639-1025x1536.webp 1025w, https:\/\/sikastudio.ro\/wp-content\/uploads\/2024\/10\/pexels-kseniachernaya-5691639-1367x2048.webp 1367w, https:\/\/sikastudio.ro\/wp-content\/uploads\/2024\/10\/pexels-kseniachernaya-5691639-8x12.webp 8w, https:\/\/sikastudio.ro\/wp-content\/uploads\/2024\/10\/pexels-kseniachernaya-5691639-scaled.webp 1709w\" sizes=\"(max-width: 684px) 100vw, 684px\" \/>\t\t<\/div>\n\t\t\t\t<div class=\"elementor-portfolio-item__overlay\">\n\t\t\t\t<h3 class=\"elementor-portfolio-item__title\">\n\t\tMontaj Pavaje Curte\t\t<\/h3>\n\t\t\t\t<\/div>\n\t\t\t\t<\/a>\n\t\t<\/article>\n\t\t\t\t<article class=\"elementor-portfolio-item elementor-post elementor-filter-1 post-515 post type-post status-publish format-standard has-post-thumbnail hentry category-renovare\">\n\t\t\t<a class=\"elementor-post__thumbnail__link\" href=\"https:\/\/sikastudio.ro\/en\/proiect-2\/\">\n\t\t\t\t<div class=\"elementor-portfolio-item__img elementor-post__thumbnail\">\n\t\t\t<img decoding=\"async\" width=\"684\" height=\"1024\" src=\"https:\/\/sikastudio.ro\/wp-content\/uploads\/2024\/10\/pexels-kseniachernaya-5691553-684x1024.webp\" class=\"attachment-large size-large wp-image-147\" alt=\"\" srcset=\"https:\/\/sikastudio.ro\/wp-content\/uploads\/2024\/10\/pexels-kseniachernaya-5691553-684x1024.webp 684w, https:\/\/sikastudio.ro\/wp-content\/uploads\/2024\/10\/pexels-kseniachernaya-5691553-200x300.webp 200w, https:\/\/sikastudio.ro\/wp-content\/uploads\/2024\/10\/pexels-kseniachernaya-5691553-768x1150.webp 768w, https:\/\/sikastudio.ro\/wp-content\/uploads\/2024\/10\/pexels-kseniachernaya-5691553-1025x1536.webp 1025w, https:\/\/sikastudio.ro\/wp-content\/uploads\/2024\/10\/pexels-kseniachernaya-5691553-1367x2048.webp 1367w, https:\/\/sikastudio.ro\/wp-content\/uploads\/2024\/10\/pexels-kseniachernaya-5691553-8x12.webp 8w, https:\/\/sikastudio.ro\/wp-content\/uploads\/2024\/10\/pexels-kseniachernaya-5691553-scaled.webp 1709w\" sizes=\"(max-width: 684px) 100vw, 684px\" \/>\t\t<\/div>\n\t\t\t\t<div class=\"elementor-portfolio-item__overlay\">\n\t\t\t\t<h3 class=\"elementor-portfolio-item__title\">\n\t\tRenovare diverse bai\t\t<\/h3>\n\t\t\t\t<\/div>\n\t\t\t\t<\/a>\n\t\t<\/article>\n\t\t\t\t<article class=\"elementor-portfolio-item elementor-post elementor-filter-1 post-1 post type-post status-publish format-standard has-post-thumbnail hentry category-renovare\">\n\t\t\t<a class=\"elementor-post__thumbnail__link\" href=\"https:\/\/sikastudio.ro\/en\/vila-premium-suedia\/\">\n\t\t\t\t<div class=\"elementor-portfolio-item__img elementor-post__thumbnail\">\n\t\t\t<img fetchpriority=\"high\" decoding=\"async\" width=\"1024\" height=\"683\" src=\"https:\/\/sikastudio.ro\/wp-content\/uploads\/2024\/10\/pexels-bidvine-517980-1249611-1024x683.webp\" class=\"attachment-large size-large wp-image-145\" alt=\"\" srcset=\"https:\/\/sikastudio.ro\/wp-content\/uploads\/2024\/10\/pexels-bidvine-517980-1249611-1024x683.webp 1024w, https:\/\/sikastudio.ro\/wp-content\/uploads\/2024\/10\/pexels-bidvine-517980-1249611-300x200.webp 300w, https:\/\/sikastudio.ro\/wp-content\/uploads\/2024\/10\/pexels-bidvine-517980-1249611-768x512.webp 768w, https:\/\/sikastudio.ro\/wp-content\/uploads\/2024\/10\/pexels-bidvine-517980-1249611-1536x1024.webp 1536w, https:\/\/sikastudio.ro\/wp-content\/uploads\/2024\/10\/pexels-bidvine-517980-1249611-2048x1365.webp 2048w, https:\/\/sikastudio.ro\/wp-content\/uploads\/2024\/10\/pexels-bidvine-517980-1249611-18x12.webp 18w\" sizes=\"(max-width: 1024px) 100vw, 1024px\" \/>\t\t<\/div>\n\t\t\t\t<div class=\"elementor-portfolio-item__overlay\">\n\t\t\t\t<h3 class=\"elementor-portfolio-item__title\">\n\t\tVil\u0103 Suedia\t\t<\/h3>\n\t\t\t\t<\/div>\n\t\t\t\t<\/a>\n\t\t<\/article>\n\t\t\t\t<\/div>\n\t\t\t\t<\/div>\n\t\t\t\t<\/div>\n\t\t\t\t\t<\/div>\n\t\t<\/div>\n\t\t\t\t\t<\/div>\n\t\t<\/section>\n\t\t\t\t<section class=\"elementor-section elementor-top-section elementor-element elementor-element-3e79410 elementor-section-boxed elementor-section-height-default elementor-section-height-default\" data-id=\"3e79410\" data-element_type=\"section\">\n\t\t\t\t\t\t<div class=\"elementor-container elementor-column-gap-default\">\n\t\t\t\t\t<div class=\"elementor-column elementor-col-100 elementor-top-column elementor-element elementor-element-c2c0d19\" data-id=\"c2c0d19\" data-element_type=\"column\">\n\t\t\t<div class=\"elementor-widget-wrap elementor-element-populated\">\n\t\t\t\t\t\t<div class=\"elementor-element elementor-element-142997e6 animated-fast elementor-mobile-align-center elementor-align-center elementor-invisible elementor-widget elementor-widget-button\" data-id=\"142997e6\" data-element_type=\"widget\" data-settings=\"{&quot;_animation&quot;:&quot;slideInUp&quot;,&quot;_animation_delay&quot;:250}\" data-widget_type=\"button.default\">\n\t\t\t\t<div class=\"elementor-widget-container\">\n\t\t\t\t\t\t\t<div class=\"elementor-button-wrapper\">\n\t\t\t\t\t<a class=\"elementor-button elementor-button-link elementor-size-md elementor-animation-sink\" href=\"https:\/\/sikastudio.ro\/en\/estimare-cost-renovare\/\">\n\t\t\t\t\t\t<span class=\"elementor-button-content-wrapper\">\n\t\t\t\t\t\t\t\t\t<span class=\"elementor-button-text\">Hai s\u0103 incepem!<\/span>\n\t\t\t\t\t<\/span>\n\t\t\t\t\t<\/a>\n\t\t\t\t<\/div>\n\t\t\t\t\t\t<\/div>\n\t\t\t\t<\/div>\n\t\t\t\t\t<\/div>\n\t\t<\/div>\n\t\t\t\t\t<\/div>\n\t\t<\/section>\n\t\t\t\t<\/div>","protected":false},"excerpt":{"rendered":"<p>Cele mai frumoase renov\u0103ri \u00eencep cu o idee. Aici sunt c\u00e2teva dintre proiectele cu care ne m\u00e2ndrim! Hai s\u0103 incepem!<\/p>","protected":false},"author":1,"featured_media":0,"parent":0,"menu_order":0,"comment_status":"closed","ping_status":"closed","template":"","meta":{"site-sidebar-layout":"no-sidebar","site-content-layout":"","ast-site-content-layout":"full-width-container","site-content-style":"default","site-sidebar-style":"default","ast-global-header-display":"","ast-banner-title-visibility":"","ast-main-header-display":"","ast-hfb-above-header-display":"","ast-hfb-below-header-display":"","ast-hfb-mobile-header-display":"","site-post-title":"disabled","ast-breadcrumbs-content":"","ast-featured-img":"disabled","footer-sml-layout":"","theme-transparent-header-meta":"","adv-header-id-meta":"","stick-header-meta":"","header-above-stick-meta":"","header-main-stick-meta":"","header-below-stick-meta":"","astra-migrate-meta-layouts":"default","ast-page-background-enabled":"default","ast-page-background-meta":{"desktop":{"background-color":"var(--ast-global-color-4)","background-image":"","background-repeat":"repeat","background-position":"center center","background-size":"auto","background-attachment":"scroll","background-type":"","background-media":"","overlay-type":"","overlay-color":"","overlay-opacity":"","overlay-gradient":""},"tablet":{"background-color":"","background-image":"","background-repeat":"repeat","background-position":"center center","background-size":"auto","background-attachment":"scroll","background-type":"","background-media":"","overlay-type":"","overlay-color":"","overlay-opacity":"","overlay-gradient":""},"mobile":{"background-color":"","background-image":"","background-repeat":"repeat","background-position":"center center","background-size":"auto","background-attachment":"scroll","background-type":"","background-media":"","overlay-type":"","overlay-color":"","overlay-opacity":"","overlay-gradient":""}},"ast-content-background-meta":{"desktop":{"background-color":"var(--ast-global-color-5)","background-image":"","background-repeat":"repeat","background-position":"center center","background-size":"auto","background-attachment":"scroll","background-type":"","background-media":"","overlay-type":"","overlay-color":"","overlay-opacity":"","overlay-gradient":""},"tablet":{"background-color":"var(--ast-global-color-5)","background-image":"","background-repeat":"repeat","background-position":"center center","background-size":"auto","background-attachment":"scroll","background-type":"","background-media":"","overlay-type":"","overlay-color":"","overlay-opacity":"","overlay-gradient":""},"mobile":{"background-color":"var(--ast-global-color-5)","background-image":"","background-repeat":"repeat","background-position":"center center","background-size":"auto","background-attachment":"scroll","background-type":"","background-media":"","overlay-type":"","overlay-color":"","overlay-opacity":"","overlay-gradient":""}},"footnotes":""},"class_list":["post-60","page","type-page","status-publish","hentry"],"yoast_head":"<!-- This site is optimized with the Yoast SEO plugin v26.8 - https:\/\/yoast.com\/product\/yoast-seo-wordpress\/ -->\n<title>Galerie - Sika Studio<\/title>\n<meta name=\"robots\" content=\"index, follow, max-snippet:-1, max-image-preview:large, max-video-preview:-1\" \/>\n<link rel=\"canonical\" href=\"https:\/\/sikastudio.ro\/en\/galerie-renovari-interioare\/\" \/>\n<meta property=\"og:locale\" content=\"en_US\" \/>\n<meta property=\"og:type\" content=\"article\" \/>\n<meta property=\"og:title\" content=\"Galerie - Sika Studio\" \/>\n<meta property=\"og:description\" content=\"Cele mai frumoase renov\u0103ri \u00eencep cu o idee. Aici sunt c\u00e2teva dintre proiectele cu care ne m\u00e2ndrim! Hai s\u0103 incepem!\" \/>\n<meta property=\"og:url\" content=\"https:\/\/sikastudio.ro\/en\/galerie-renovari-interioare\/\" \/>\n<meta property=\"og:site_name\" content=\"Sika Studio\" \/>\n<meta property=\"article:modified_time\" content=\"2025-06-10T14:15:06+00:00\" \/>\n<meta name=\"twitter:card\" content=\"summary_large_image\" \/>\n<meta name=\"twitter:label1\" content=\"Est. reading time\" \/>\n\t<meta name=\"twitter:data1\" content=\"1 minute\" \/>\n<script type=\"application\/ld+json\" class=\"yoast-schema-graph\">{\"@context\":\"https:\/\/schema.org\",\"@graph\":[{\"@type\":\"WebPage\",\"@id\":\"https:\/\/sikastudio.ro\/galerie-renovari-interioare\/\",\"url\":\"https:\/\/sikastudio.ro\/galerie-renovari-interioare\/\",\"name\":\"Galerie - Sika Studio\",\"isPartOf\":{\"@id\":\"https:\/\/sikastudio.ro\/#website\"},\"datePublished\":\"2024-10-30T08:45:13+00:00\",\"dateModified\":\"2025-06-10T14:15:06+00:00\",\"breadcrumb\":{\"@id\":\"https:\/\/sikastudio.ro\/galerie-renovari-interioare\/#breadcrumb\"},\"inLanguage\":\"en-US\",\"potentialAction\":[{\"@type\":\"ReadAction\",\"target\":[\"https:\/\/sikastudio.ro\/galerie-renovari-interioare\/\"]}]},{\"@type\":\"BreadcrumbList\",\"@id\":\"https:\/\/sikastudio.ro\/galerie-renovari-interioare\/#breadcrumb\",\"itemListElement\":[{\"@type\":\"ListItem\",\"position\":1,\"name\":\"Home\",\"item\":\"https:\/\/sikastudio.ro\/\"},{\"@type\":\"ListItem\",\"position\":2,\"name\":\"Galerie\"}]},{\"@type\":\"WebSite\",\"@id\":\"https:\/\/sikastudio.ro\/#website\",\"url\":\"https:\/\/sikastudio.ro\/\",\"name\":\"Sika Studio\",\"description\":\"\",\"publisher\":{\"@id\":\"https:\/\/sikastudio.ro\/#organization\"},\"potentialAction\":[{\"@type\":\"SearchAction\",\"target\":{\"@type\":\"EntryPoint\",\"urlTemplate\":\"https:\/\/sikastudio.ro\/?s={search_term_string}\"},\"query-input\":{\"@type\":\"PropertyValueSpecification\",\"valueRequired\":true,\"valueName\":\"search_term_string\"}}],\"inLanguage\":\"en-US\"},{\"@type\":\"Organization\",\"@id\":\"https:\/\/sikastudio.ro\/#organization\",\"name\":\"Sika Studio\",\"url\":\"https:\/\/sikastudio.ro\/\",\"logo\":{\"@type\":\"ImageObject\",\"inLanguage\":\"en-US\",\"@id\":\"https:\/\/sikastudio.ro\/#\/schema\/logo\/image\/\",\"url\":\"https:\/\/sikastudio.ro\/wp-content\/uploads\/2024\/10\/cropped-Original-on-transparent-scaled-2.webp\",\"contentUrl\":\"https:\/\/sikastudio.ro\/wp-content\/uploads\/2024\/10\/cropped-Original-on-transparent-scaled-2.webp\",\"width\":2560,\"height\":1926,\"caption\":\"Sika Studio\"},\"image\":{\"@id\":\"https:\/\/sikastudio.ro\/#\/schema\/logo\/image\/\"}}]}<\/script>\n<!-- \/ Yoast SEO plugin. -->","yoast_head_json":{"title":"Galerie - Sika Studio","robots":{"index":"index","follow":"follow","max-snippet":"max-snippet:-1","max-image-preview":"max-image-preview:large","max-video-preview":"max-video-preview:-1"},"canonical":"https:\/\/sikastudio.ro\/en\/galerie-renovari-interioare\/","og_locale":"en_US","og_type":"article","og_title":"Galerie - Sika Studio","og_description":"Cele mai frumoase renov\u0103ri \u00eencep cu o idee. Aici sunt c\u00e2teva dintre proiectele cu care ne m\u00e2ndrim! Hai s\u0103 incepem!","og_url":"https:\/\/sikastudio.ro\/en\/galerie-renovari-interioare\/","og_site_name":"Sika Studio","article_modified_time":"2025-06-10T14:15:06+00:00","twitter_card":"summary_large_image","twitter_misc":{"Est. reading time":"1 minute"},"schema":{"@context":"https:\/\/schema.org","@graph":[{"@type":"WebPage","@id":"https:\/\/sikastudio.ro\/galerie-renovari-interioare\/","url":"https:\/\/sikastudio.ro\/galerie-renovari-interioare\/","name":"Galerie - Sika Studio","isPartOf":{"@id":"https:\/\/sikastudio.ro\/#website"},"datePublished":"2024-10-30T08:45:13+00:00","dateModified":"2025-06-10T14:15:06+00:00","breadcrumb":{"@id":"https:\/\/sikastudio.ro\/galerie-renovari-interioare\/#breadcrumb"},"inLanguage":"en-US","potentialAction":[{"@type":"ReadAction","target":["https:\/\/sikastudio.ro\/galerie-renovari-interioare\/"]}]},{"@type":"BreadcrumbList","@id":"https:\/\/sikastudio.ro\/galerie-renovari-interioare\/#breadcrumb","itemListElement":[{"@type":"ListItem","position":1,"name":"Home","item":"https:\/\/sikastudio.ro\/"},{"@type":"ListItem","position":2,"name":"Galerie"}]},{"@type":"WebSite","@id":"https:\/\/sikastudio.ro\/#website","url":"https:\/\/sikastudio.ro\/","name":"Sika Studio","description":"","publisher":{"@id":"https:\/\/sikastudio.ro\/#organization"},"potentialAction":[{"@type":"SearchAction","target":{"@type":"EntryPoint","urlTemplate":"https:\/\/sikastudio.ro\/?s={search_term_string}"},"query-input":{"@type":"PropertyValueSpecification","valueRequired":true,"valueName":"search_term_string"}}],"inLanguage":"en-US"},{"@type":"Organization","@id":"https:\/\/sikastudio.ro\/#organization","name":"Sika Studio","url":"https:\/\/sikastudio.ro\/","logo":{"@type":"ImageObject","inLanguage":"en-US","@id":"https:\/\/sikastudio.ro\/#\/schema\/logo\/image\/","url":"https:\/\/sikastudio.ro\/wp-content\/uploads\/2024\/10\/cropped-Original-on-transparent-scaled-2.webp","contentUrl":"https:\/\/sikastudio.ro\/wp-content\/uploads\/2024\/10\/cropped-Original-on-transparent-scaled-2.webp","width":2560,"height":1926,"caption":"Sika Studio"},"image":{"@id":"https:\/\/sikastudio.ro\/#\/schema\/logo\/image\/"}}]}},"_links":{"self":[{"href":"https:\/\/sikastudio.ro\/en\/wp-json\/wp\/v2\/pages\/60","targetHints":{"allow":["GET"]}}],"collection":[{"href":"https:\/\/sikastudio.ro\/en\/wp-json\/wp\/v2\/pages"}],"about":[{"href":"https:\/\/sikastudio.ro\/en\/wp-json\/wp\/v2\/types\/page"}],"author":[{"embeddable":true,"href":"https:\/\/sikastudio.ro\/en\/wp-json\/wp\/v2\/users\/1"}],"replies":[{"embeddable":true,"href":"https:\/\/sikastudio.ro\/en\/wp-json\/wp\/v2\/comments?post=60"}],"version-history":[{"count":21,"href":"https:\/\/sikastudio.ro\/en\/wp-json\/wp\/v2\/pages\/60\/revisions"}],"predecessor-version":[{"id":740,"href":"https:\/\/sikastudio.ro\/en\/wp-json\/wp\/v2\/pages\/60\/revisions\/740"}],"wp:attachment":[{"href":"https:\/\/sikastudio.ro\/en\/wp-json\/wp\/v2\/media?parent=60"}],"curies":[{"name":"wp","href":"https:\/\/api.w.org\/{rel}","templated":true}]}}