{"id":3,"date":"2024-10-29T10:42:42","date_gmt":"2024-10-29T10:42:42","guid":{"rendered":"https:\/\/sikastudio.ro\/?page_id=3"},"modified":"2024-11-24T10:33:07","modified_gmt":"2024-11-24T08:33:07","slug":"politica-confidentialitate","status":"publish","type":"page","link":"https:\/\/sikastudio.ro\/en\/politica-confidentialitate\/","title":{"rendered":"Privacy Policy"},"content":{"rendered":"<h1 class=\"wp-block-heading\">Politica de confiden\u021bialitate<\/h1>\n\n\n\n<p>Aceast\u0103 Politic\u0103 de confiden\u021bialitate descrie politicile \u0219i procedurile noastre privind colectarea, utilizarea \u0219i dezv\u0103luirea informa\u021biilor dvs. atunci c\u00e2nd utiliza\u021bi Serviciul \u0219i v\u0103 informeaz\u0103 despre drepturile dvs. de confiden\u021bialitate \u0219i despre modul \u00een care legea v\u0103 protejeaz\u0103.<\/p>\n\n\n\n<p>Folosim datele dumneavoastr\u0103 personale pentru a furniza \u0219i \u00eembun\u0103t\u0103\u021bi Serviciul. Prin utilizarea Serviciului, sunte\u021bi de acord cu colectarea \u0219i utilizarea informa\u021biilor \u00een conformitate cu aceast\u0103 Politic\u0103 de confiden\u021bialitate. <\/p>\n\n\n\n<h2 class=\"wp-block-heading\">Interpretare \u0219i defini\u021bii<\/h2>\n\n\n\n<h3 class=\"wp-block-heading\">Interpretare<\/h3>\n\n\n\n<p>Cuvintele a c\u0103ror litera ini\u021bial\u0103 este scris\u0103 cu majuscule au semnifica\u021bii definite \u00een urm\u0103toarele condi\u021bii. Urm\u0103toarele defini\u021bii vor avea acela\u0219i \u00een\u021beles, indiferent dac\u0103 apar la singular sau la plural.<\/p>\n\n\n\n<h3 class=\"wp-block-heading\">Defini\u021bii<\/h3>\n\n\n\n<p>\u00cen scopul acestei Politici de confiden\u021bialitate:<\/p>\n\n\n\n<ul class=\"wp-block-list\">\n<li><strong>Cont<\/strong> \u00eenseamn\u0103 un cont unic creat pentru ca dvs. s\u0103 accesa\u021bi Serviciul nostru sau p\u0103r\u021bi ale Serviciului nostru.<\/li>\n\n\n\n<li><strong>Afiliat<\/strong> \u00eenseamn\u0103 o entitate care controleaz\u0103, este controlat\u0103 de sau se afl\u0103 sub control comun cu o parte, unde \u201econtroleaz\u0103\u201d; \u00eenseamn\u0103 de\u021binerea a 50% sau mai mult din ac\u021biuni, participa\u021bii sau alte valori mobiliare cu drept de vot pentru alegerea directorilor sau a unei alte autorit\u0103\u021bi de management.<\/li>\n\n\n\n<li><strong>Companie<\/strong> (denumit\u0103 fie \u201eCompania\u201d, \u201eNoi\u201d, \u201eNoi\u201d sau \u201eNo\u0219tri\u201d \u00een acest Contract) se refer\u0103 la Sika Studio S.R.L., Str. Ierbei nr. 7, Sector 6, Bucuresti.<\/li>\n\n\n\n<li><strong>Cookie-urile<\/strong> sunt fi\u0219iere mici care sunt plasate pe computerul dvs., dispozitivul mobil sau orice alt dispozitiv de c\u0103tre un site web, care con\u021bin, printre numeroasele sale utiliz\u0103ri, detaliile istoricului dvs. de navigare pe acel site web.<\/li>\n\n\n\n<li><strong>\u021aara<\/strong> se refer\u0103 la: Rom\u00e2nia<\/li>\n\n\n\n<li><strong>Dispozitiv<\/strong> \u00eenseamn\u0103 orice dispozitiv care poate accesa Serviciul, cum ar fi un computer, un telefon mobil sau o tablet\u0103 digital\u0103.<\/li>\n\n\n\n<li><strong>Datele personale<\/strong> reprezint\u0103 orice informa\u021bie care se refer\u0103 la o persoan\u0103 identificat\u0103 sau identificabil\u0103.<\/li>\n\n\n\n<li><strong>Serviciul<\/strong> se refer\u0103 la site-ul web.<\/li>\n\n\n\n<li><strong>Furnizor de servicii<\/strong> \u00eenseamn\u0103 orice persoan\u0103 fizic\u0103 sau juridic\u0103 care prelucreaz\u0103 datele \u00een numele Companiei. Se refer\u0103 la companii ter\u021be sau persoane fizice angajate de Companie pentru a facilita Serviciul, pentru a furniza Serviciul \u00een numele Companiei, pentru a presta servicii legate de Serviciu sau pentru a ajuta Compania \u00een analizarea modului \u00een care este utilizat Serviciul.<\/li>\n\n\n\n<li><strong>Date de utilizare<\/strong> se refer\u0103 la datele colectate automat, fie generate de utilizarea Serviciului, fie din infrastructura Serviciului \u00een sine (de exemplu, durata unei vizite a paginii).<\/li>\n\n\n\n<li><strong>Site-ul web<\/strong> se refer\u0103 la Sika Studio, accesibil din <a href=\"https:\/\/sikastudio.ro\/en\/\" target=\"_blank\" rel=\"noreferrer noopener\">https:\/\/sikastudio .ro\/<\/a><\/li>\n\n\n\n<li><strong>Dvs.<\/strong> \u00eenseamn\u0103 persoana care acceseaz\u0103 sau folose\u0219te Serviciul, sau compania sau alt\u0103 entitate juridic\u0103 \u00een numele c\u0103reia respectiva persoan\u0103 acceseaz\u0103 sau folose\u0219te Serviciul, dup\u0103 caz.<\/li>\n<\/ul>\n\n\n\n<h2 class=\"wp-block-heading\">Colectarea \u0219i utilizarea datelor dvs. personale<\/h2>\n\n\n\n<h3 class=\"wp-block-heading\">Tipuri de date colectate<\/h3>\n\n\n\n<h4 class=\"wp-block-heading\">Date personale<\/h4>\n\n\n\n<p>\u00cen timpul utiliz\u0103rii Serviciului nostru, v\u0103 putem solicita s\u0103 ne furniza\u021bi anumite informa\u021bii de identificare personal\u0103 care pot fi folosite pentru a v\u0103 contacta sau a v\u0103 identifica. Informa\u021biile de identificare personal\u0103 pot include, dar nu se limiteaz\u0103 la:<\/p>\n\n\n\n<ul class=\"wp-block-list\">\n<li>Adres\u0103 de e-mail<\/li>\n\n\n\n<li>Prenumele \u0219i numele de familie<\/li>\n\n\n\n<li>Num\u0103r de telefon<\/li>\n\n\n\n<li>Date de utilizare<\/li>\n<\/ul>\n\n\n\n<h4 class=\"wp-block-heading\">Date de utilizare<\/h4>\n\n\n\n<p>Datele de utilizare sunt colectate automat atunci c\u00e2nd utiliza\u021bi Serviciul.<\/p>\n\n\n\n<p>Datele de utilizare pot include informa\u021bii precum adresa de protocol de internet a dispozitivului dvs. (de exemplu, adresa IP), tipul browserului, versiunea browserului, paginile Serviciului nostru pe care le vizita\u021bi, ora \u0219i data vizitei dvs., timpul petrecut pe acele pagini. , identificatori unici de dispozitiv \u0219i alte date de diagnosticare.<\/p>\n\n\n\n<p>C\u00e2nd accesa\u021bi Serviciul prin sau prin intermediul unui dispozitiv mobil, este posibil s\u0103 colect\u0103m anumite informa\u021bii \u00een mod automat, inclusiv, dar f\u0103r\u0103 a se limita la, tipul de dispozitiv mobil pe care \u00eel utiliza\u021bi, ID-ul unic al dispozitivului dvs. mobil, adresa IP a dispozitivului dvs. mobil , sistemul dvs. de operare mobil, tipul de browser de internet mobil pe care \u00eel utiliza\u021bi, identificatorii unici de dispozitiv \u0219i alte date de diagnosticare.<\/p>\n\n\n\n<p>De asemenea, putem colecta informa\u021bii pe care browserul dvs. le trimite ori de c\u00e2te ori vizita\u021bi Serviciul nostru sau c\u00e2nd accesa\u021bi Serviciul prin sau prin intermediul unui dispozitiv mobil.<\/p>\n\n\n\n<h4 class=\"wp-block-heading\">Tehnologii de urm\u0103rire \u0219i module cookie<\/h4>\n\n\n\n<p>Folosim cookie-uri \u0219i tehnologii de urm\u0103rire similare pentru a urm\u0103ri activitatea pe Serviciul nostru \u0219i pentru a stoca anumite informa\u021bii. Tehnologiile de urm\u0103rire utilizate sunt balize, etichete \u0219i scripturi pentru a colecta \u0219i urm\u0103ri informa\u021bii \u0219i pentru a \u00eembun\u0103t\u0103\u021bi \u0219i analiza serviciile noastre. Tehnologiile pe care le folosim pot include:<\/p>\n\n\n\n<ul class=\"wp-block-list\">\n<li><strong>Cookie-uri sau module cookie de browser.<\/strong> Un cookie este un fi\u0219ier mic plasat pe Dispozitivul dvs. Pute\u021bi solicita browserului dvs. s\u0103 refuze toate modulele cookie sau s\u0103 indice c\u00e2nd este trimis un cookie. Cu toate acestea, dac\u0103 nu accepta\u021bi module cookie, este posibil s\u0103 nu pute\u021bi utiliza anumite p\u0103r\u021bi ale Serviciului nostru. Cu excep\u021bia cazului \u00een care a\u021bi ajustat setarea browserului dvs. astfel \u00eenc\u00e2t acesta s\u0103 refuze modulele cookie, Serviciul nostru poate folosi module cookie.<\/li>\n\n\n\n<li><strong>Web Beacons.<\/strong> Anumite sec\u021biuni ale Serviciului nostru \u0219i e-mailurile noastre pot con\u021bine fi\u0219iere electronice mici cunoscute sub numele de web beacons (numite \u0219i GIF-uri clare, etichete pixeli \u0219i gif-uri cu un singur pixel) care permit Companie, de exemplu, pentru a num\u0103ra utilizatorii care au vizitat acele pagini sau au deschis un e-mail \u0219i pentru alte statistici aferente site-ului web (de exemplu, \u00eenregistrarea popularit\u0103\u021bii unei anumite sec\u021biuni \u0219i verificarea integrit\u0103\u021bii sistemului \u0219i a serverului).<\/li>\n<\/ul>\n\n\n\n<p>Cookie-urile pot fi \u201epersistente\u201d; sau &#8222;Sesiune&#8221; Cookie-uri. Cookie-urile persistente r\u0103m\u00e2n pe computerul dvs. personal sau pe dispozitivul mobil atunci c\u00e2nd sunte\u021bi offline, \u00een timp ce modulele cookie de sesiune sunt \u0219terse de \u00eendat\u0103 ce \u00eenchide\u021bi browserul dvs. web. <\/p>\n\n\n\n<p>Folosim at\u00e2t cookie-uri de sesiune, c\u00e2t \u0219i cookie-uri persistente \u00een scopurile prezentate mai jos:<\/p>\n\n\n\n<ul class=\"wp-block-list\">\n<li><strong>Cookie-uri necesare\/esen\u021biale<\/strong> Tip: Cookie-uri de sesiune Administrat de: Noi Scop: Aceste module cookie sunt esen\u021biale pentru a v\u0103 oferi servicii disponibile prin intermediul site-ului web \u0219i pentru a v\u0103 permite s\u0103 utiliza\u021bi unele dintre caracteristicile acestuia. Acestea ajut\u0103 la autentificarea utilizatorilor \u0219i la prevenirea utiliz\u0103rii frauduloase a conturilor de utilizator. F\u0103r\u0103 aceste module cookie, serviciile pe care le-a\u021bi solicitat nu pot fi furnizate, iar noi folosim aceste module cookie doar pentru a v\u0103 oferi acele servicii.<\/li>\n\n\n\n<li><strong>Politica de cookie-uri \/ Cookie-uri de acceptare a notific\u0103rilor<\/strong> Tip: cookie-uri persistente Administrat de: Noi Scop: Aceste module cookie identific\u0103 dac\u0103 utilizatorii au acceptat utilizarea modulelor cookie pe site.<\/li>\n\n\n\n<li><strong>Cookie-uri de func\u021bionalitate<\/strong> Tip: cookie-uri persistente Administrat de: Noi Scop: Aceste module cookie ne permit s\u0103 ne amintim alegerile pe care le face\u021bi atunci c\u00e2nd utiliza\u021bi site-ul web, cum ar fi amintirea detaliilor dvs. de conectare sau preferin\u021ba de limb\u0103. Scopul acestor cookie-uri este de a v\u0103 oferi o experien\u021b\u0103 mai personal\u0103 \u0219i de a evita s\u0103 fi\u021bi nevoit s\u0103 v\u0103 reintroduce\u021bi preferin\u021bele de fiecare dat\u0103 c\u00e2nd utiliza\u021bi site-ul web.<\/li>\n<\/ul>\n\n\n\n<p>Pentru mai multe informa\u021bii despre cookie-urile pe care le folosim \u0219i despre op\u021biunile dvs. \u00een ceea ce prive\u0219te cookie-urile, v\u0103 rug\u0103m s\u0103 vizita\u021bi Politica noastr\u0103 privind cookie-urile sau sec\u021biunea Cookie-uri din Politica noastr\u0103 de confiden\u021bialitate.<\/p>\n\n\n\n<h3 class=\"wp-block-heading\">Utilizarea datelor dvs. personale<\/h3>\n\n\n\n<p>Compania poate folosi Date personale \u00een urm\u0103toarele scopuri:<\/p>\n\n\n\n<p><br><strong>\u00cen alte scopuri<\/strong>: Putem folosi informa\u021biile Dvs. \u00een alte scopuri, cum ar fi analiza datelor, identificarea tendin\u021belor de utilizare, determinarea eficien\u021bei campaniilor noastre promo\u021bionale \u0219i pentru a evalua \u0219i \u00eembun\u0103t\u0103\u021bi Serviciul, produsele \u0219i serviciile noastre. , marketing \u0219i experien\u021ba dvs.<\/p>\n\n\n\n<p><strong>Pentru a furniza \u0219i \u00eentre\u021bine Serviciul nostru<\/strong>, inclusiv pentru a monitoriza utilizarea Serviciului nostru.<\/p>\n\n\n\n<p><strong>Pentru a v\u0103 gestiona contul:<\/strong> pentru a v\u0103 gestiona \u00eenregistrarea ca utilizator al Serviciului. Datele personale pe care le furniza\u021bi v\u0103 pot oferi acces la diferite func\u021bionalit\u0103\u021bi ale Serviciului care v\u0103 sunt disponibile ca utilizator \u00eenregistrat.<\/p>\n\n\n\n<p><strong>Pentru executarea unui contract:<\/strong> dezvoltarea, respectarea \u0219i \u00eendeplinirea contractului de cump\u0103rare pentru produsele, articolele sau serviciile pe care le-a\u021bi achizi\u021bionat sau a oric\u0103rui alt contract cu Noi prin intermediul Serviciului.<\/p>\n\n\n\n<p><strong>Pentru a v\u0103 contacta:<\/strong> pentru a v\u0103 contacta prin e-mail, apeluri telefonice, SMS sau alte forme echivalente de comunicare electronic\u0103, cum ar fi notific\u0103rile push ale unei aplica\u021bii mobile cu privire la actualiz\u0103ri sau comunic\u0103ri informative legate de func\u021bionalit\u0103\u021bi, produsele sau serviciile contractate, inclusiv actualiz\u0103rile de securitate, atunci c\u00e2nd este necesar sau rezonabil pentru implementarea acestora.<\/p>\n\n\n\n<p><strong>Pentru a v\u0103 oferi<\/strong> \u0219tiri, oferte speciale \u0219i informa\u021bii generale despre alte bunuri, servicii \u0219i evenimente pe care le oferim, care sunt similare cu cele pe care le-a\u021bi achizi\u021bionat deja sau despre care v-a\u021bi \u00eentrebat, cu excep\u021bia cazului \u00een care a\u021bi ales s\u0103 nu primi\u021bi astfel de informa\u021bii.<\/p>\n\n\n\n<p><strong>Pentru a gestiona cererile dvs.:<\/strong> pentru a participa \u0219i a gestiona cererile dvs. c\u0103tre noi.<\/p>\n\n\n\n<p><strong>Pentru transferuri de afaceri:<\/strong> putem folosi informa\u021biile dvs. pentru a evalua sau a efectua o fuziune, cesionare, restructurare, reorganizare, dizolvare sau orice alt\u0103 v\u00e2nzare sau transfer al unora sau tuturor activelor noastre, fie ca un continuitate sau ca parte a unei proceduri de faliment, lichidare sau similare, \u00een care Datele personale de\u021binute de noi despre utilizatorii serviciilor noastre se num\u0103r\u0103 printre activele transferate.<\/p>","protected":false},"excerpt":{"rendered":"<p>Politica de confiden\u021bialitate Aceast\u0103 Politic\u0103 de confiden\u021bialitate descrie politicile \u0219i procedurile noastre privind colectarea, utilizarea \u0219i dezv\u0103luirea informa\u021biilor dvs. atunci [&hellip;]<\/p>","protected":false},"author":1,"featured_media":0,"parent":0,"menu_order":0,"comment_status":"closed","ping_status":"closed","template":"","meta":{"site-sidebar-layout":"default","site-content-layout":"","ast-site-content-layout":"","site-content-style":"default","site-sidebar-style":"default","ast-global-header-display":"","ast-banner-title-visibility":"","ast-main-header-display":"","ast-hfb-above-header-display":"","ast-hfb-below-header-display":"","ast-hfb-mobile-header-display":"","site-post-title":"","ast-breadcrumbs-content":"","ast-featured-img":"","footer-sml-layout":"","theme-transparent-header-meta":"","adv-header-id-meta":"","stick-header-meta":"","header-above-stick-meta":"","header-main-stick-meta":"","header-below-stick-meta":"","astra-migrate-meta-layouts":"default","ast-page-background-enabled":"default","ast-page-background-meta":{"desktop":{"background-color":"var(--ast-global-color-4)","background-image":"","background-repeat":"repeat","background-position":"center center","background-size":"auto","background-attachment":"scroll","background-type":"","background-media":"","overlay-type":"","overlay-color":"","overlay-opacity":"","overlay-gradient":""},"tablet":{"background-color":"","background-image":"","background-repeat":"repeat","background-position":"center center","background-size":"auto","background-attachment":"scroll","background-type":"","background-media":"","overlay-type":"","overlay-color":"","overlay-opacity":"","overlay-gradient":""},"mobile":{"background-color":"","background-image":"","background-repeat":"repeat","background-position":"center center","background-size":"auto","background-attachment":"scroll","background-type":"","background-media":"","overlay-type":"","overlay-color":"","overlay-opacity":"","overlay-gradient":""}},"ast-content-background-meta":{"desktop":{"background-color":"var(--ast-global-color-5)","background-image":"","background-repeat":"repeat","background-position":"center center","background-size":"auto","background-attachment":"scroll","background-type":"","background-media":"","overlay-type":"","overlay-color":"","overlay-opacity":"","overlay-gradient":""},"tablet":{"background-color":"var(--ast-global-color-5)","background-image":"","background-repeat":"repeat","background-position":"center center","background-size":"auto","background-attachment":"scroll","background-type":"","background-media":"","overlay-type":"","overlay-color":"","overlay-opacity":"","overlay-gradient":""},"mobile":{"background-color":"var(--ast-global-color-5)","background-image":"","background-repeat":"repeat","background-position":"center center","background-size":"auto","background-attachment":"scroll","background-type":"","background-media":"","overlay-type":"","overlay-color":"","overlay-opacity":"","overlay-gradient":""}},"footnotes":""},"class_list":["post-3","page","type-page","status-publish","hentry"],"yoast_head":"<!-- This site is optimized with the Yoast SEO plugin v26.8 - https:\/\/yoast.com\/product\/yoast-seo-wordpress\/ -->\n<title>Politica Confidentialitate - Sika Studio<\/title>\n<meta name=\"robots\" content=\"index, follow, max-snippet:-1, max-image-preview:large, max-video-preview:-1\" \/>\n<link rel=\"canonical\" href=\"https:\/\/sikastudio.ro\/en\/politica-confidentialitate\/\" \/>\n<meta property=\"og:locale\" content=\"en_US\" \/>\n<meta property=\"og:type\" content=\"article\" \/>\n<meta property=\"og:title\" content=\"Politica Confidentialitate - Sika Studio\" \/>\n<meta property=\"og:description\" content=\"Politica de confiden\u021bialitate Aceast\u0103 Politic\u0103 de confiden\u021bialitate descrie politicile \u0219i procedurile noastre privind colectarea, utilizarea \u0219i dezv\u0103luirea informa\u021biilor dvs. atunci [&hellip;]\" \/>\n<meta property=\"og:url\" content=\"https:\/\/sikastudio.ro\/en\/politica-confidentialitate\/\" \/>\n<meta property=\"og:site_name\" content=\"Sika Studio\" \/>\n<meta property=\"article:modified_time\" content=\"2024-11-24T08:33:07+00:00\" \/>\n<meta name=\"twitter:card\" content=\"summary_large_image\" \/>\n<meta name=\"twitter:label1\" content=\"Est. reading time\" \/>\n\t<meta name=\"twitter:data1\" content=\"8 minutes\" \/>\n<script type=\"application\/ld+json\" class=\"yoast-schema-graph\">{\"@context\":\"https:\/\/schema.org\",\"@graph\":[{\"@type\":\"WebPage\",\"@id\":\"https:\/\/sikastudio.ro\/politica-confidentialitate\/\",\"url\":\"https:\/\/sikastudio.ro\/politica-confidentialitate\/\",\"name\":\"Politica Confidentialitate - Sika Studio\",\"isPartOf\":{\"@id\":\"https:\/\/sikastudio.ro\/#website\"},\"datePublished\":\"2024-10-29T10:42:42+00:00\",\"dateModified\":\"2024-11-24T08:33:07+00:00\",\"breadcrumb\":{\"@id\":\"https:\/\/sikastudio.ro\/politica-confidentialitate\/#breadcrumb\"},\"inLanguage\":\"en-US\",\"potentialAction\":[{\"@type\":\"ReadAction\",\"target\":[\"https:\/\/sikastudio.ro\/politica-confidentialitate\/\"]}]},{\"@type\":\"BreadcrumbList\",\"@id\":\"https:\/\/sikastudio.ro\/politica-confidentialitate\/#breadcrumb\",\"itemListElement\":[{\"@type\":\"ListItem\",\"position\":1,\"name\":\"Home\",\"item\":\"https:\/\/sikastudio.ro\/\"},{\"@type\":\"ListItem\",\"position\":2,\"name\":\"Politica Confidentialitate\"}]},{\"@type\":\"WebSite\",\"@id\":\"https:\/\/sikastudio.ro\/#website\",\"url\":\"https:\/\/sikastudio.ro\/\",\"name\":\"Sika Studio\",\"description\":\"\",\"publisher\":{\"@id\":\"https:\/\/sikastudio.ro\/#organization\"},\"potentialAction\":[{\"@type\":\"SearchAction\",\"target\":{\"@type\":\"EntryPoint\",\"urlTemplate\":\"https:\/\/sikastudio.ro\/?s={search_term_string}\"},\"query-input\":{\"@type\":\"PropertyValueSpecification\",\"valueRequired\":true,\"valueName\":\"search_term_string\"}}],\"inLanguage\":\"en-US\"},{\"@type\":\"Organization\",\"@id\":\"https:\/\/sikastudio.ro\/#organization\",\"name\":\"Sika Studio\",\"url\":\"https:\/\/sikastudio.ro\/\",\"logo\":{\"@type\":\"ImageObject\",\"inLanguage\":\"en-US\",\"@id\":\"https:\/\/sikastudio.ro\/#\/schema\/logo\/image\/\",\"url\":\"https:\/\/sikastudio.ro\/wp-content\/uploads\/2024\/10\/cropped-Original-on-transparent-scaled-2.webp\",\"contentUrl\":\"https:\/\/sikastudio.ro\/wp-content\/uploads\/2024\/10\/cropped-Original-on-transparent-scaled-2.webp\",\"width\":2560,\"height\":1926,\"caption\":\"Sika Studio\"},\"image\":{\"@id\":\"https:\/\/sikastudio.ro\/#\/schema\/logo\/image\/\"}}]}<\/script>\n<!-- \/ Yoast SEO plugin. -->","yoast_head_json":{"title":"Politica Confidentialitate - Sika Studio","robots":{"index":"index","follow":"follow","max-snippet":"max-snippet:-1","max-image-preview":"max-image-preview:large","max-video-preview":"max-video-preview:-1"},"canonical":"https:\/\/sikastudio.ro\/en\/politica-confidentialitate\/","og_locale":"en_US","og_type":"article","og_title":"Politica Confidentialitate - Sika Studio","og_description":"Politica de confiden\u021bialitate Aceast\u0103 Politic\u0103 de confiden\u021bialitate descrie politicile \u0219i procedurile noastre privind colectarea, utilizarea \u0219i dezv\u0103luirea informa\u021biilor dvs. atunci [&hellip;]","og_url":"https:\/\/sikastudio.ro\/en\/politica-confidentialitate\/","og_site_name":"Sika Studio","article_modified_time":"2024-11-24T08:33:07+00:00","twitter_card":"summary_large_image","twitter_misc":{"Est. reading time":"8 minutes"},"schema":{"@context":"https:\/\/schema.org","@graph":[{"@type":"WebPage","@id":"https:\/\/sikastudio.ro\/politica-confidentialitate\/","url":"https:\/\/sikastudio.ro\/politica-confidentialitate\/","name":"Politica Confidentialitate - Sika Studio","isPartOf":{"@id":"https:\/\/sikastudio.ro\/#website"},"datePublished":"2024-10-29T10:42:42+00:00","dateModified":"2024-11-24T08:33:07+00:00","breadcrumb":{"@id":"https:\/\/sikastudio.ro\/politica-confidentialitate\/#breadcrumb"},"inLanguage":"en-US","potentialAction":[{"@type":"ReadAction","target":["https:\/\/sikastudio.ro\/politica-confidentialitate\/"]}]},{"@type":"BreadcrumbList","@id":"https:\/\/sikastudio.ro\/politica-confidentialitate\/#breadcrumb","itemListElement":[{"@type":"ListItem","position":1,"name":"Home","item":"https:\/\/sikastudio.ro\/"},{"@type":"ListItem","position":2,"name":"Politica Confidentialitate"}]},{"@type":"WebSite","@id":"https:\/\/sikastudio.ro\/#website","url":"https:\/\/sikastudio.ro\/","name":"Sika Studio","description":"","publisher":{"@id":"https:\/\/sikastudio.ro\/#organization"},"potentialAction":[{"@type":"SearchAction","target":{"@type":"EntryPoint","urlTemplate":"https:\/\/sikastudio.ro\/?s={search_term_string}"},"query-input":{"@type":"PropertyValueSpecification","valueRequired":true,"valueName":"search_term_string"}}],"inLanguage":"en-US"},{"@type":"Organization","@id":"https:\/\/sikastudio.ro\/#organization","name":"Sika Studio","url":"https:\/\/sikastudio.ro\/","logo":{"@type":"ImageObject","inLanguage":"en-US","@id":"https:\/\/sikastudio.ro\/#\/schema\/logo\/image\/","url":"https:\/\/sikastudio.ro\/wp-content\/uploads\/2024\/10\/cropped-Original-on-transparent-scaled-2.webp","contentUrl":"https:\/\/sikastudio.ro\/wp-content\/uploads\/2024\/10\/cropped-Original-on-transparent-scaled-2.webp","width":2560,"height":1926,"caption":"Sika Studio"},"image":{"@id":"https:\/\/sikastudio.ro\/#\/schema\/logo\/image\/"}}]}},"_links":{"self":[{"href":"https:\/\/sikastudio.ro\/en\/wp-json\/wp\/v2\/pages\/3","targetHints":{"allow":["GET"]}}],"collection":[{"href":"https:\/\/sikastudio.ro\/en\/wp-json\/wp\/v2\/pages"}],"about":[{"href":"https:\/\/sikastudio.ro\/en\/wp-json\/wp\/v2\/types\/page"}],"author":[{"embeddable":true,"href":"https:\/\/sikastudio.ro\/en\/wp-json\/wp\/v2\/users\/1"}],"replies":[{"embeddable":true,"href":"https:\/\/sikastudio.ro\/en\/wp-json\/wp\/v2\/comments?post=3"}],"version-history":[{"count":2,"href":"https:\/\/sikastudio.ro\/en\/wp-json\/wp\/v2\/pages\/3\/revisions"}],"predecessor-version":[{"id":568,"href":"https:\/\/sikastudio.ro\/en\/wp-json\/wp\/v2\/pages\/3\/revisions\/568"}],"wp:attachment":[{"href":"https:\/\/sikastudio.ro\/en\/wp-json\/wp\/v2\/media?parent=3"}],"curies":[{"name":"wp","href":"https:\/\/api.w.org\/{rel}","templated":true}]}}