{"id":128,"date":"2024-10-30T13:27:22","date_gmt":"2024-10-30T11:27:22","guid":{"rendered":"https:\/\/sikastudio.ro\/?page_id=128"},"modified":"2024-11-24T10:29:54","modified_gmt":"2024-11-24T08:29:54","slug":"politica-cookies","status":"publish","type":"page","link":"https:\/\/sikastudio.ro\/en\/politica-cookies\/","title":{"rendered":"Cookie Policy"},"content":{"rendered":"<h1 class=\"wp-block-heading\">Politica privind cookie-urile<\/h1>\n\n\n\n<p>Aceast\u0103 Politic\u0103 privind modulele cookie explic\u0103 ce sunt modulele cookie \u0219i cum le folosim. Ar trebui s\u0103 citi\u021bi aceast\u0103 politic\u0103 pentru a putea \u00een\u021belege ce tip de cookie-uri folosim sau informa\u021biile pe care le colect\u0103m folosind cookie-uri \u0219i cum sunt utilizate acele informa\u021bii. <\/p>\n\n\n\n<p>Cookie-urile nu con\u021bin de obicei nicio informa\u021bie care identific\u0103 personal un utilizator, dar informa\u021biile personale pe care le stoc\u0103m despre dvs. pot fi legate de informa\u021biile stocate \u0219i ob\u021binute din cookie-uri. Pentru mai multe informa\u021bii despre modul \u00een care folosim, stoc\u0103m \u0219i p\u0103str\u0103m datele dumneavoastr\u0103 personale \u00een siguran\u021b\u0103, consulta\u021bi Politica noastr\u0103 de confiden\u021bialitate.<\/p>\n\n\n\n<p>Nu stoc\u0103m informa\u021bii personale sensibile, cum ar fi adrese po\u0219tale, parole de cont etc. \u00een modulele cookie pe care le folosim.<\/p>\n\n\n\n<h2 class=\"wp-block-heading\">Interpretare \u0219i defini\u021bii<\/h2>\n\n\n\n<h3 class=\"wp-block-heading\">Interpretare<\/h3>\n\n\n\n<p>Cuvintele a c\u0103ror litera ini\u021bial\u0103 este scris\u0103 cu majuscule au semnifica\u021bii definite \u00een urm\u0103toarele condi\u021bii. Urm\u0103toarele defini\u021bii vor avea acela\u0219i \u00een\u021beles, indiferent dac\u0103 apar la singular sau la plural.<\/p>\n\n\n\n<h3 class=\"wp-block-heading\">Defini\u021bii<\/h3>\n\n\n\n<p>\u00cen scopul acestei Politici privind modulele cookie:<\/p>\n\n\n\n<ul class=\"wp-block-list\">\n<li><strong>Companie<\/strong> (denumit\u0103 fie \u201eCompania\u201d, \u201eNoi\u201d, \u201eNoi\u201d sau \u201eNo\u0219tri\u201d \u00een aceast\u0103 Politic\u0103 privind cookie-urile) se refer\u0103 la Sika Studio S.R.L., Str. Ierbei nr. 7, Sector 6, Bucuresti.<\/li>\n\n\n\n<li><strong>Cookie-uri<\/strong> \u00eenseamn\u0103 fi\u0219iere mici care sunt plasate pe computerul dvs., pe dispozitivul mobil sau pe orice alt dispozitiv de c\u0103tre un site web, care con\u021bin detalii despre istoricul dvs. de navigare pe acel site, printre numeroasele sale utiliz\u0103ri.<\/li>\n\n\n\n<li><strong>Site-ul web<\/strong> se refer\u0103 la Sika Studio, accesibil din <a href=\"https:\/\/sikastudio.ro\/en\/\" target=\"_blank\" rel=\"noreferrer noopener\">https:\/\/sikastudio .ro\/<\/a><\/li>\n\n\n\n<li><strong>Dvs.<\/strong> \u00eenseamn\u0103 persoana care acceseaz\u0103 sau folose\u0219te site-ul web, sau o companie sau orice entitate juridic\u0103 \u00een numele c\u0103reia respectiva persoan\u0103 acceseaz\u0103 sau folose\u0219te site-ul web, dup\u0103 caz.<\/li>\n<\/ul>\n\n\n\n<h2 class=\"wp-block-heading\">Utilizarea cookie-urilor<\/h2>\n\n\n\n<h3 class=\"wp-block-heading\">Tipul de cookie-uri pe care le folosim<\/h3>\n\n\n\n<p>Cookie-urile pot fi \u201epersistente\u201d; sau &#8222;Sesiune&#8221; Cookie-uri. Cookie-urile persistente r\u0103m\u00e2n pe computerul personal sau pe dispozitivul dvs. mobil atunci c\u00e2nd sunte\u021bi offline, \u00een timp ce modulele cookie de sesiune sunt \u0219terse imediat ce v\u0103 \u00eenchide\u021bi browserul web.<\/p>\n\n\n\n<p>Folosim at\u00e2t cookie-uri de sesiune, c\u00e2t \u0219i cookie-uri persistente \u00een scopurile prezentate mai jos:<\/p>\n\n\n\n<ul class=\"wp-block-list\">\n<li><strong>Cookie-uri necesare\/esen\u021biale<\/strong> Tip: Cookie-uri de sesiune Administrat de: Noi Scop: Aceste module cookie sunt esen\u021biale pentru a v\u0103 oferi servicii disponibile prin intermediul site-ului web \u0219i pentru a v\u0103 permite s\u0103 utiliza\u021bi unele dintre caracteristicile acestuia. Acestea ajut\u0103 la autentificarea utilizatorilor \u0219i la prevenirea utiliz\u0103rii frauduloase a conturilor de utilizator. F\u0103r\u0103 aceste module cookie, serviciile pe care le-a\u021bi solicitat nu pot fi furnizate, iar noi folosim aceste module cookie doar pentru a v\u0103 oferi acele servicii.<\/li>\n\n\n\n<li><strong>Cookie-uri de func\u021bionalitate<\/strong> Tip: cookie-uri persistente Administrat de: Noi Scop: Aceste module cookie ne permit s\u0103 ne amintim alegerile pe care le face\u021bi atunci c\u00e2nd utiliza\u021bi site-ul web, cum ar fi amintirea detaliilor dvs. de conectare sau preferin\u021ba de limb\u0103. Scopul acestor cookie-uri este de a v\u0103 oferi o experien\u021b\u0103 mai personal\u0103 \u0219i de a evita s\u0103 fi\u021bi nevoit s\u0103 v\u0103 reintroduce\u021bi preferin\u021bele de fiecare dat\u0103 c\u00e2nd utiliza\u021bi site-ul web.<\/li>\n<\/ul>\n\n\n\n<h3 class=\"wp-block-heading\">Op\u021biunile dvs. \u00een ceea ce prive\u0219te modulele cookie<\/h3>\n\n\n\n<p>Dac\u0103 prefera\u021bi s\u0103 evita\u021bi utilizarea cookie-urilor pe site-ul web, mai \u00eent\u00e2i trebuie s\u0103 dezactiva\u021bi utilizarea cookie-urilor \u00een browser-ul dvs. \u0219i apoi s\u0103 \u0219terge\u021bi cookie-urile salvate \u00een browser-ul asociat cu acest site web. Pute\u021bi utiliza aceast\u0103 op\u021biune pentru a preveni utilizarea cookie-urilor \u00een orice moment.<\/p>\n\n\n\n<p>Dac\u0103 nu accepta\u021bi cookie-urile noastre, este posibil s\u0103 \u00eent\u00e2mpina\u021bi unele inconveniente \u00een utilizarea site-ului web \u0219i este posibil ca unele func\u021bii s\u0103 nu func\u021bioneze corect.<\/p>\n\n\n\n<p>Dac\u0103 dori\u021bi s\u0103 \u0219terge\u021bi module cookie sau s\u0103 solicita\u021bi browserului dvs. web s\u0103 \u0219terge sau s\u0103 refuze modulele cookie, v\u0103 rug\u0103m s\u0103 vizita\u021bi paginile de ajutor ale browserului dvs. web.<\/p>\n\n\n\n<ul class=\"wp-block-list\">\n<li>Pentru browserul web Chrome, accesa\u021bi aceast\u0103 pagin\u0103 de la Google: <a href=\"https:\/\/support.google.com\/accounts\/answer\/32050\" target=\"_blank\" rel=\"noreferrer noopener\">https:\/\/support.google.com\/accounts\/answer\/32050<\/a><\/li>\n\n\n\n<li>Pentru browserul web Internet Explorer, v\u0103 rug\u0103m s\u0103 vizita\u021bi aceast\u0103 pagin\u0103 de la Microsoft: <a href=\"http:\/\/support.microsoft.com\/kb\/278835\" target=\"_blank\" rel=\"noreferrer noopener\">http :\/\/support.microsoft.com\/kb\/278835<\/a><\/li>\n\n\n\n<li>Pentru browserul web Firefox, v\u0103 rug\u0103m s\u0103 vizita\u021bi aceast\u0103 pagin\u0103 de la Mozilla: <a href=\"https:\/\/support.mozilla.org\/en-US\/kb\/delete-cookies-remove-info-websites-stored\" target=\"_blank\" rel=\"noreferrer noopener\">https:\/\/support.mozilla.org\/en-US\/kb\/delete-cookies-remove-info-websites-stored<\/a><\/li>\n<\/ul>\n\n\n\n<p>Pentru orice alt browser web, v\u0103 rug\u0103m s\u0103 vizita\u021bi paginile web oficiale ale browserului dvs..<\/p>\n\n\n\n<h3 class=\"wp-block-heading\">Mai multe informa\u021bii despre module cookie<\/h3>\n\n\n\n<p>Pute\u021bi afla mai multe despre cookie-uri: <a href=\"https:\/\/www.privacypolicies.com\/blog\/cookies\/\" target=\"_blank\" rel=\"noreferrer noopener\">Ce sunt cookie-urile?<\/a>.<\/p>\n\n\n\n<h3 class=\"wp-block-heading\">Contacta\u021bi-ne<\/h3>\n\n\n\n<p>Dac\u0103 ave\u021bi \u00eentreb\u0103ri despre aceast\u0103 politic\u0103 privind cookie-urile, ne pute\u021bi contacta:<\/p>\n\n\n\n<ul class=\"wp-block-list\">\n<li>Prin email: contact@sikastudio.ro<\/li>\n\n\n\n<li>Prin accesarea acestei pagini de pe site-ul nostru: <a href=\"https:\/\/sikastudio.ro\/en\/contact\/\" target=\"_blank\" rel=\"noreferrer noopener\">https:\/\/sikastudio.ro\/contact\/<\/a><\/li>\n<\/ul>","protected":false},"excerpt":{"rendered":"<p>Politica privind cookie-urile Aceast\u0103 Politic\u0103 privind modulele cookie explic\u0103 ce sunt modulele cookie \u0219i cum le folosim. Ar trebui s\u0103 [&hellip;]<\/p>","protected":false},"author":1,"featured_media":0,"parent":0,"menu_order":0,"comment_status":"closed","ping_status":"closed","template":"","meta":{"site-sidebar-layout":"default","site-content-layout":"","ast-site-content-layout":"","site-content-style":"default","site-sidebar-style":"default","ast-global-header-display":"","ast-banner-title-visibility":"","ast-main-header-display":"","ast-hfb-above-header-display":"","ast-hfb-below-header-display":"","ast-hfb-mobile-header-display":"","site-post-title":"","ast-breadcrumbs-content":"","ast-featured-img":"","footer-sml-layout":"","theme-transparent-header-meta":"","adv-header-id-meta":"","stick-header-meta":"","header-above-stick-meta":"","header-main-stick-meta":"","header-below-stick-meta":"","astra-migrate-meta-layouts":"default","ast-page-background-enabled":"default","ast-page-background-meta":{"desktop":{"background-color":"var(--ast-global-color-4)","background-image":"","background-repeat":"repeat","background-position":"center center","background-size":"auto","background-attachment":"scroll","background-type":"","background-media":"","overlay-type":"","overlay-color":"","overlay-opacity":"","overlay-gradient":""},"tablet":{"background-color":"","background-image":"","background-repeat":"repeat","background-position":"center center","background-size":"auto","background-attachment":"scroll","background-type":"","background-media":"","overlay-type":"","overlay-color":"","overlay-opacity":"","overlay-gradient":""},"mobile":{"background-color":"","background-image":"","background-repeat":"repeat","background-position":"center center","background-size":"auto","background-attachment":"scroll","background-type":"","background-media":"","overlay-type":"","overlay-color":"","overlay-opacity":"","overlay-gradient":""}},"ast-content-background-meta":{"desktop":{"background-color":"var(--ast-global-color-5)","background-image":"","background-repeat":"repeat","background-position":"center center","background-size":"auto","background-attachment":"scroll","background-type":"","background-media":"","overlay-type":"","overlay-color":"","overlay-opacity":"","overlay-gradient":""},"tablet":{"background-color":"var(--ast-global-color-5)","background-image":"","background-repeat":"repeat","background-position":"center center","background-size":"auto","background-attachment":"scroll","background-type":"","background-media":"","overlay-type":"","overlay-color":"","overlay-opacity":"","overlay-gradient":""},"mobile":{"background-color":"var(--ast-global-color-5)","background-image":"","background-repeat":"repeat","background-position":"center center","background-size":"auto","background-attachment":"scroll","background-type":"","background-media":"","overlay-type":"","overlay-color":"","overlay-opacity":"","overlay-gradient":""}},"footnotes":""},"class_list":["post-128","page","type-page","status-publish","hentry"],"yoast_head":"<!-- This site is optimized with the Yoast SEO plugin v26.8 - https:\/\/yoast.com\/product\/yoast-seo-wordpress\/ -->\n<title>Politica Cookies - Sika Studio<\/title>\n<meta name=\"robots\" content=\"index, follow, max-snippet:-1, max-image-preview:large, max-video-preview:-1\" \/>\n<link rel=\"canonical\" href=\"https:\/\/sikastudio.ro\/en\/politica-cookies\/\" \/>\n<meta property=\"og:locale\" content=\"en_US\" \/>\n<meta property=\"og:type\" content=\"article\" \/>\n<meta property=\"og:title\" content=\"Politica Cookies - Sika Studio\" \/>\n<meta property=\"og:description\" content=\"Politica privind cookie-urile Aceast\u0103 Politic\u0103 privind modulele cookie explic\u0103 ce sunt modulele cookie \u0219i cum le folosim. Ar trebui s\u0103 [&hellip;]\" \/>\n<meta property=\"og:url\" content=\"https:\/\/sikastudio.ro\/en\/politica-cookies\/\" \/>\n<meta property=\"og:site_name\" content=\"Sika Studio\" \/>\n<meta property=\"article:modified_time\" content=\"2024-11-24T08:29:54+00:00\" \/>\n<meta name=\"twitter:card\" content=\"summary_large_image\" \/>\n<meta name=\"twitter:label1\" content=\"Est. reading time\" \/>\n\t<meta name=\"twitter:data1\" content=\"4 minutes\" \/>\n<script type=\"application\/ld+json\" class=\"yoast-schema-graph\">{\"@context\":\"https:\/\/schema.org\",\"@graph\":[{\"@type\":\"WebPage\",\"@id\":\"https:\/\/sikastudio.ro\/politica-cookies\/\",\"url\":\"https:\/\/sikastudio.ro\/politica-cookies\/\",\"name\":\"Politica Cookies - Sika Studio\",\"isPartOf\":{\"@id\":\"https:\/\/sikastudio.ro\/#website\"},\"datePublished\":\"2024-10-30T11:27:22+00:00\",\"dateModified\":\"2024-11-24T08:29:54+00:00\",\"breadcrumb\":{\"@id\":\"https:\/\/sikastudio.ro\/politica-cookies\/#breadcrumb\"},\"inLanguage\":\"en-US\",\"potentialAction\":[{\"@type\":\"ReadAction\",\"target\":[\"https:\/\/sikastudio.ro\/politica-cookies\/\"]}]},{\"@type\":\"BreadcrumbList\",\"@id\":\"https:\/\/sikastudio.ro\/politica-cookies\/#breadcrumb\",\"itemListElement\":[{\"@type\":\"ListItem\",\"position\":1,\"name\":\"Home\",\"item\":\"https:\/\/sikastudio.ro\/\"},{\"@type\":\"ListItem\",\"position\":2,\"name\":\"Politica Cookies\"}]},{\"@type\":\"WebSite\",\"@id\":\"https:\/\/sikastudio.ro\/#website\",\"url\":\"https:\/\/sikastudio.ro\/\",\"name\":\"Sika Studio\",\"description\":\"\",\"publisher\":{\"@id\":\"https:\/\/sikastudio.ro\/#organization\"},\"potentialAction\":[{\"@type\":\"SearchAction\",\"target\":{\"@type\":\"EntryPoint\",\"urlTemplate\":\"https:\/\/sikastudio.ro\/?s={search_term_string}\"},\"query-input\":{\"@type\":\"PropertyValueSpecification\",\"valueRequired\":true,\"valueName\":\"search_term_string\"}}],\"inLanguage\":\"en-US\"},{\"@type\":\"Organization\",\"@id\":\"https:\/\/sikastudio.ro\/#organization\",\"name\":\"Sika Studio\",\"url\":\"https:\/\/sikastudio.ro\/\",\"logo\":{\"@type\":\"ImageObject\",\"inLanguage\":\"en-US\",\"@id\":\"https:\/\/sikastudio.ro\/#\/schema\/logo\/image\/\",\"url\":\"https:\/\/sikastudio.ro\/wp-content\/uploads\/2024\/10\/cropped-Original-on-transparent-scaled-2.webp\",\"contentUrl\":\"https:\/\/sikastudio.ro\/wp-content\/uploads\/2024\/10\/cropped-Original-on-transparent-scaled-2.webp\",\"width\":2560,\"height\":1926,\"caption\":\"Sika Studio\"},\"image\":{\"@id\":\"https:\/\/sikastudio.ro\/#\/schema\/logo\/image\/\"}}]}<\/script>\n<!-- \/ Yoast SEO plugin. -->","yoast_head_json":{"title":"Politica Cookies - Sika Studio","robots":{"index":"index","follow":"follow","max-snippet":"max-snippet:-1","max-image-preview":"max-image-preview:large","max-video-preview":"max-video-preview:-1"},"canonical":"https:\/\/sikastudio.ro\/en\/politica-cookies\/","og_locale":"en_US","og_type":"article","og_title":"Politica Cookies - Sika Studio","og_description":"Politica privind cookie-urile Aceast\u0103 Politic\u0103 privind modulele cookie explic\u0103 ce sunt modulele cookie \u0219i cum le folosim. Ar trebui s\u0103 [&hellip;]","og_url":"https:\/\/sikastudio.ro\/en\/politica-cookies\/","og_site_name":"Sika Studio","article_modified_time":"2024-11-24T08:29:54+00:00","twitter_card":"summary_large_image","twitter_misc":{"Est. reading time":"4 minutes"},"schema":{"@context":"https:\/\/schema.org","@graph":[{"@type":"WebPage","@id":"https:\/\/sikastudio.ro\/politica-cookies\/","url":"https:\/\/sikastudio.ro\/politica-cookies\/","name":"Politica Cookies - Sika Studio","isPartOf":{"@id":"https:\/\/sikastudio.ro\/#website"},"datePublished":"2024-10-30T11:27:22+00:00","dateModified":"2024-11-24T08:29:54+00:00","breadcrumb":{"@id":"https:\/\/sikastudio.ro\/politica-cookies\/#breadcrumb"},"inLanguage":"en-US","potentialAction":[{"@type":"ReadAction","target":["https:\/\/sikastudio.ro\/politica-cookies\/"]}]},{"@type":"BreadcrumbList","@id":"https:\/\/sikastudio.ro\/politica-cookies\/#breadcrumb","itemListElement":[{"@type":"ListItem","position":1,"name":"Home","item":"https:\/\/sikastudio.ro\/"},{"@type":"ListItem","position":2,"name":"Politica Cookies"}]},{"@type":"WebSite","@id":"https:\/\/sikastudio.ro\/#website","url":"https:\/\/sikastudio.ro\/","name":"Sika Studio","description":"","publisher":{"@id":"https:\/\/sikastudio.ro\/#organization"},"potentialAction":[{"@type":"SearchAction","target":{"@type":"EntryPoint","urlTemplate":"https:\/\/sikastudio.ro\/?s={search_term_string}"},"query-input":{"@type":"PropertyValueSpecification","valueRequired":true,"valueName":"search_term_string"}}],"inLanguage":"en-US"},{"@type":"Organization","@id":"https:\/\/sikastudio.ro\/#organization","name":"Sika Studio","url":"https:\/\/sikastudio.ro\/","logo":{"@type":"ImageObject","inLanguage":"en-US","@id":"https:\/\/sikastudio.ro\/#\/schema\/logo\/image\/","url":"https:\/\/sikastudio.ro\/wp-content\/uploads\/2024\/10\/cropped-Original-on-transparent-scaled-2.webp","contentUrl":"https:\/\/sikastudio.ro\/wp-content\/uploads\/2024\/10\/cropped-Original-on-transparent-scaled-2.webp","width":2560,"height":1926,"caption":"Sika Studio"},"image":{"@id":"https:\/\/sikastudio.ro\/#\/schema\/logo\/image\/"}}]}},"_links":{"self":[{"href":"https:\/\/sikastudio.ro\/en\/wp-json\/wp\/v2\/pages\/128","targetHints":{"allow":["GET"]}}],"collection":[{"href":"https:\/\/sikastudio.ro\/en\/wp-json\/wp\/v2\/pages"}],"about":[{"href":"https:\/\/sikastudio.ro\/en\/wp-json\/wp\/v2\/types\/page"}],"author":[{"embeddable":true,"href":"https:\/\/sikastudio.ro\/en\/wp-json\/wp\/v2\/users\/1"}],"replies":[{"embeddable":true,"href":"https:\/\/sikastudio.ro\/en\/wp-json\/wp\/v2\/comments?post=128"}],"version-history":[{"count":3,"href":"https:\/\/sikastudio.ro\/en\/wp-json\/wp\/v2\/pages\/128\/revisions"}],"predecessor-version":[{"id":567,"href":"https:\/\/sikastudio.ro\/en\/wp-json\/wp\/v2\/pages\/128\/revisions\/567"}],"wp:attachment":[{"href":"https:\/\/sikastudio.ro\/en\/wp-json\/wp\/v2\/media?parent=128"}],"curies":[{"name":"wp","href":"https:\/\/api.w.org\/{rel}","templated":true}]}}