{"id":126,"date":"2024-10-30T13:27:08","date_gmt":"2024-10-30T11:27:08","guid":{"rendered":"https:\/\/sikastudio.ro\/?page_id=126"},"modified":"2024-11-24T10:34:10","modified_gmt":"2024-11-24T08:34:10","slug":"termeni-si-conditii","status":"publish","type":"page","link":"https:\/\/sikastudio.ro\/en\/termeni-si-conditii\/","title":{"rendered":"Terms and Conditions"},"content":{"rendered":"<h2 class=\"wp-block-heading\">Introducere<\/h2>\n\n\n\n<p>Bun venit la Sika Studio S.R.L. (\u201eCompanie\u201d, \u201enoi\u201d, \u201enostru\u201d, \u201enoi\u201d)!<\/p>\n\n\n\n<p>Ace\u0219ti Termeni \u0219i Condi\u021bii (\u201eTermeni\u201d, \u201eTermeni \u0219i condi\u021bii\u201d) guverneaz\u0103 utilizarea de c\u0103tre dumneavoastr\u0103 a site-ului nostru web situat la https:\/\/sikastudio.ro\/ (\u00eempreun\u0103 sau individual \u201eServiciul\u201d) operat de Sika Studio S.R.L..<\/p>\n\n\n\n<p>Politica noastr\u0103 de confiden\u021bialitate guverneaz\u0103, de asemenea, utilizarea de c\u0103tre dvs. a Serviciului nostru \u0219i explic\u0103 modul \u00een care colect\u0103m, protej\u0103m \u0219i dezv\u0103luim informa\u021biile care rezult\u0103 din utilizarea de c\u0103tre dvs. a paginilor noastre web.<\/p>\n\n\n\n<p>Acordul dvs. cu noi include ace\u0219ti Termeni \u0219i Politica noastr\u0103 de confiden\u021bialitate (\u201eAcorduri\u201d). Recunoa\u0219te\u021bi c\u0103 a\u021bi citit \u0219i \u00een\u021beles Acordurile \u0219i sunte\u021bi de acord s\u0103 fi\u021bi legat de acestea.<\/p>\n\n\n\n<p>Dac\u0103 nu sunte\u021bi de acord cu (sau nu pute\u021bi respecta) Acordurile, atunci este posibil s\u0103 nu utiliza\u021bi Serviciul, dar v\u0103 rug\u0103m s\u0103 ne anun\u021ba\u021bi prin e-mail la contact@sikastudio.ro, astfel \u00eenc\u00e2t s\u0103 putem \u00eencerca s\u0103 g\u0103sim o solu\u021bie. Ace\u0219ti Termeni se aplic\u0103 tuturor vizitatorilor, utilizatorilor \u0219i altora care doresc s\u0103 acceseze sau s\u0103 utilizeze Serviciul.<\/p>\n\n\n\n<h2 class=\"wp-block-heading\">Comunica\u021bii<\/h2>\n\n\n\n<p>Prin utilizarea Serviciului nostru, sunte\u021bi de acord s\u0103 v\u0103 abona\u021bi la buletine informative, materiale de marketing sau promo\u021bionale \u0219i alte informa\u021bii pe care le putem trimite. Cu toate acestea, pute\u021bi renun\u021ba la primirea uneia sau a tuturor acestor comunic\u0103ri de la noi, urm\u00e2nd linkul de dezabonare sau trimi\u021b\u00e2nd un e-mail la contact@sikastudio.ro.<\/p>\n\n\n\n<h2 class=\"wp-block-heading\">Concursuri, tombole \u0219i promo\u021bii<\/h2>\n\n\n\n<p>Orice concursuri, tombole sau alte promo\u021bii (\u00een mod colectiv, \u201ePromo\u021bii\u201d) puse la dispozi\u021bie prin intermediul Serviciului pot fi guvernate de reguli care sunt separate de ace\u0219ti Termeni \u0219i condi\u021bii. Dac\u0103 participa\u021bi la orice promo\u021bie, v\u0103 rug\u0103m s\u0103 consulta\u021bi regulile aplicabile, precum \u0219i Politica noastr\u0103 de confiden\u021bialitate. \u00cen cazul \u00een care regulile pentru o Promo\u021bie sunt \u00een conflict cu ace\u0219ti Termeni \u0219i condi\u021bii, se vor aplica regulile promo\u021biei.<\/p>\n\n\n\n<h2 class=\"wp-block-heading\">Con\u021binut<\/h2>\n\n\n\n<p>Con\u021binutul g\u0103sit pe sau prin acest Serviciu este proprietatea Sika Studio S.R.L. sau folosit cu permisiunea. Nu ave\u021bi voie s\u0103 distribui\u021bi, modifica\u021bi, transmite\u021bi, reutiliza\u021bi, desc\u0103rca\u021bi, reposta\u021bi, copia\u021bi sau utiliza\u021bi con\u021binutul men\u021bionat, \u00een totalitate sau par\u021bial, \u00een scopuri comerciale sau pentru c\u00e2\u0219tig personal, f\u0103r\u0103 permisiunea scris\u0103 prealabil\u0103 expres\u0103 din partea noastr\u0103.<\/p>\n\n\n\n<h2 class=\"wp-block-heading\">Utiliz\u0103ri interzise<\/h2>\n\n\n\n<p>Pute\u021bi utiliza Serviciul numai \u00een scopuri legale \u0219i \u00een conformitate cu Termenii. Sunte\u021bi de acord s\u0103 nu utiliza\u021bi Serviciul:<\/p>\n\n\n\n<p>0,1. \u00cen orice mod care \u00eencalc\u0103 orice lege sau reglementare na\u021bional\u0103 sau interna\u021bional\u0103 aplicabil\u0103.<\/p>\n\n\n\n<p>0,2. \u00cen scopul exploat\u0103rii, v\u0103t\u0103m\u0103rii sau \u00eencerc\u0103rii de a exploata sau d\u0103una minorilor \u00een orice mod, prin expunerea acestora la con\u021binut neadecvat sau \u00een alt mod.<\/p>\n\n\n\n<p>0,3. Pentru a transmite sau a procura trimiterea oric\u0103rui material publicitar sau promo\u021bional, inclusiv orice \u201eposta nedorit\u0103\u201d, \u201escrisoare \u00een lan\u021b\u201d, \u201espam\u201d sau orice alt\u0103 solicitare similar\u0103.<\/p>\n\n\n\n<p>0,4. Pentru a uzurpa identitatea sau \u00eencercarea de a uzurpa identitatea Companiei, a unui angajat al Companiei, a altui utilizator sau a oric\u0103rei alte persoane sau entitati.<\/p>\n\n\n\n<p>0,5. \u00cen orice mod care \u00eencalc\u0103 drepturile altora, sau \u00een orice fel este ilegal, amenin\u021b\u0103tor, fraudulos sau d\u0103un\u0103tor, sau \u00een leg\u0103tur\u0103 cu orice scop sau activitate ilegal\u0103, ilegal\u0103, frauduloas\u0103 sau d\u0103un\u0103toare.<\/p>\n\n\n\n<p>0,6. S\u0103 se angajeze \u00een orice alt comportament care restric\u021bioneaz\u0103 sau inhib\u0103 utilizarea sau bucuria de c\u0103tre oricine a Serviciului sau care, dup\u0103 cum este stabilit de noi, poate d\u0103una sau jigne\u0219te Compania sau utilizatorii Serviciului sau \u00eei poate expune la r\u0103spundere.<\/p>\n\n\n\n<p>\u00cen plus, sunte\u021bi de acord s\u0103 nu:<\/p>\n\n\n\n<p>0,1. Utiliza\u021bi Serviciul \u00een orice mod care ar putea dezactiva, supra\u00eenc\u0103rca, deteriora sau afecta Serviciul sau poate interfera cu utilizarea Serviciului de c\u0103tre orice alt\u0103 parte, inclusiv capacitatea acestora de a se angaja \u00een activit\u0103\u021bi \u00een timp real prin intermediul Serviciului.<\/p>\n\n\n\n<p>0,2. Utiliza\u021bi orice robot, p\u0103ianjen sau alt dispozitiv, proces sau mijloc automat pentru a accesa Serviciul \u00een orice scop, inclusiv pentru monitorizarea sau copierea oric\u0103rui material din Serviciu.<\/p>\n\n\n\n<p>0,3. Utiliza\u021bi orice proces manual pentru a monitoriza sau copia orice material din Serviciu sau pentru orice alt scop neautorizat, f\u0103r\u0103 acordul nostru scris prealabil.<\/p>\n\n\n\n<p>0,4. Utiliza\u021bi orice dispozitiv, software sau rutin\u0103 care interfereaz\u0103 cu func\u021bionarea corect\u0103 a Serviciului.<\/p>\n\n\n\n<p>0,5. Introduce\u021bi viru\u0219i, cai troieni, viermi, bombe logice sau alte materiale r\u0103u inten\u021bionate sau d\u0103un\u0103toare din punct de vedere tehnologic.<\/p>\n\n\n\n<p>0,6. \u00cencerca\u021bi s\u0103 ob\u021bine\u021bi acces neautorizat la, s\u0103 interfera\u021bi, s\u0103 deteriora\u021bi sau s\u0103 perturba\u021bi orice parte a Serviciului, serverul pe care este stocat Serviciul sau orice server, computer sau baz\u0103 de date conectat\u0103 la Serviciu.<\/p>\n\n\n\n<p>0,7. Serviciu de atac printr-un atac de refuzare a serviciului sau un atac de refuzare a serviciului distribuit.<\/p>\n\n\n\n<p>0,8. Lua\u021bi orice ac\u021biune care poate deteriora sau falsifica ratingul companiei.<\/p>\n\n\n\n<p>0,9. \u00cen caz contrar, \u00eencerca\u021bi s\u0103 interfera\u021bi cu func\u021bionarea corect\u0103 a Serviciului.<\/p>\n\n\n\n<h2 class=\"wp-block-heading\">Analytics<\/h2>\n\n\n\n<p>Putem folosi furnizori de servicii ter\u021bi pentru a monitoriza \u0219i analiza utilizarea Serviciului nostru.<\/p>\n\n\n\n<h2 class=\"wp-block-heading\">F\u0103r\u0103 utilizare de c\u0103tre minori<\/h2>\n\n\n\n<p>Serviciul este destinat numai accesului \u0219i utiliz\u0103rii de c\u0103tre persoane cu v\u00e2rsta de cel pu\u021bin optsprezece (18) ani. Prin accesarea sau utilizarea Serviciului, garanta\u021bi \u0219i declara\u021bi c\u0103 ave\u021bi cel pu\u021bin optsprezece (18) ani \u0219i c\u0103 ave\u021bi deplina autoritate, dreptul \u0219i capacitatea de a \u00eencheia acest acord \u0219i de a respecta to\u021bi termenii \u0219i condi\u021biile Termenilor. Dac\u0103 nu ave\u021bi cel pu\u021bin optsprezece (18) ani, vi se interzice at\u00e2t accesul, c\u00e2t \u0219i utilizarea Serviciului.<\/p>\n\n\n\n<h2 class=\"wp-block-heading\">Proprietatea intelectual\u0103<\/h2>\n\n\n\n<p>Serviciul \u0219i con\u021binutul s\u0103u original (excluz\u00e2nd con\u021binutul furnizat de utilizatori), caracteristicile \u0219i func\u021bionalitatea sunt \u0219i vor r\u0103m\u00e2ne exclusiv proprietatea Sika Studio S.R.L. \u0219i licen\u021biatorii s\u0103i. Serviciul este protejat de drepturi de autor, m\u0103rci comerciale \u0219i alte legi ale \u021b\u0103rilor str\u0103ine. M\u0103rcile noastre comerciale nu pot fi utilizate \u00een leg\u0103tur\u0103 cu niciun produs sau serviciu f\u0103r\u0103 acordul prealabil scris al Sika Studio S.R.L..<\/p>\n\n\n\n<h2 class=\"wp-block-heading\">Politica privind drepturile de autor<\/h2>\n\n\n\n<p>Respect\u0103m drepturile de proprietate intelectual\u0103 ale altora. Politica noastr\u0103 este s\u0103 r\u0103spundem oric\u0103rei afirma\u021bii conform c\u0103reia Con\u021binutul postat pe Serviciu \u00eencalc\u0103 drepturile de autor sau alte drepturi de proprietate intelectual\u0103 (\u201e\u00cenc\u0103lcare\u201d) ale oric\u0103rei persoane sau entit\u0103\u021bi.<\/p>\n\n\n\n<p>Dac\u0103 sunte\u021bi de\u021bin\u0103torul drepturilor de autor sau autoriza\u021bi \u00een numele unuia \u0219i crede\u021bi c\u0103 lucrarea protejat\u0103 prin drepturi de autor a fost copiat\u0103 \u00eentr-un mod care constituie o \u00eenc\u0103lcare a drepturilor de autor, v\u0103 rug\u0103m s\u0103 trimite\u021bi reclama\u021bia prin e-mail la contact@sikastudio.ro, cu subiectul: \u201e\u00cenc\u0103lcarea drepturilor de autor\u201d \u0219i include\u021bi \u00een revendicarea dvs. o descriere detaliat\u0103 a presupusei \u00eenc\u0103lc\u0103ri, a\u0219a cum este detaliat mai jos, \u00een \u201eNotificare \u0219i procedur\u0103 DMCA pentru reclama\u021biile privind \u00eenc\u0103lcarea drepturilor de autor\u201d<\/p>\n\n\n\n<p>Pute\u021bi fi tras la r\u0103spundere pentru daune (inclusiv costuri \u0219i onorariile avoca\u021bilor) pentru declara\u021bii false sau preten\u021bii de rea-credin\u021b\u0103 privind \u00eenc\u0103lcarea oric\u0103rui Con\u021binut g\u0103sit pe \u0219i\/sau prin intermediul Serviciului cu privire la drepturile dvs. de autor.<\/p>\n\n\n\n<h2 class=\"wp-block-heading\">Notificare DMCA \u0219i procedur\u0103 pentru reclama\u021biile privind \u00eenc\u0103lcarea drepturilor de autor<\/h2>\n\n\n\n<p>Pute\u021bi trimite o notificare \u00een conformitate cu Digital Millennium Copyright Act (DMCA) furniz\u00e2nd \u00een scris agentului nostru pentru drepturi de autor urm\u0103toarele informa\u021bii (a se vedea 17 U.S.C 512(c)(3) pentru mai multe detalii):<\/p>\n\n\n\n<p>0,1. o semn\u0103tur\u0103 electronic\u0103 sau fizic\u0103 a persoanei autorizate s\u0103 ac\u021bioneze \u00een numele proprietarului interesului dreptului de autor;<\/p>\n\n\n\n<p>0,2. o descriere a lucr\u0103rii protejate prin drepturi de autor despre care pretinde\u021bi c\u0103 a fost \u00eenc\u0103lcat\u0103, inclusiv adresa URL (adic\u0103 adresa paginii web) a loca\u021biei \u00een care exist\u0103 lucrarea protejat\u0103 prin drepturi de autor sau o copie a lucr\u0103rii protejate prin drepturi de autor;<\/p>\n\n\n\n<p>0,3. identificarea adresei URL sau a altei loca\u021bii specifice de pe Serviciu unde se afl\u0103 materialul despre care sus\u021bine\u021bi c\u0103 \u00eel \u00eencalc\u0103;<\/p>\n\n\n\n<p>0,4. adresa, num\u0103rul de telefon \u0219i adresa dvs. de e-mail;<\/p>\n\n\n\n<p>0,5. o declara\u021bie din partea dvs. conform c\u0103reia crede\u021bi cu bun\u0103-credin\u021b\u0103 c\u0103 utilizarea contestat\u0103 nu este autorizat\u0103 de proprietarul drepturilor de autor, de agentul acestuia sau de lege;<\/p>\n\n\n\n<p>0,6. o declara\u021bie a dvs., f\u0103cut\u0103 sub sanc\u021biunea de sperjur, c\u0103 informa\u021biile de mai sus din notificarea dvs. sunt corecte \u0219i c\u0103 sunte\u021bi proprietarul drepturilor de autor sau sunte\u021bi autorizat s\u0103 ac\u021biona\u021bi \u00een numele proprietarului drepturilor de autor.<\/p>\n\n\n\n<p>Pute\u021bi contacta agentul nostru pentru drepturi de autor prin e-mail la contact@sikastudio.ro.<\/p>\n\n\n\n<h2 class=\"wp-block-heading\">Raportarea erorilor \u0219i feedback<\/h2>\n\n\n\n<p>Ne pute\u021bi furniza fie direct la contact@sikastudio.ro, fie prin site-uri \u0219i instrumente ter\u021be, informa\u021bii \u0219i feedback cu privire la erori, sugestii de \u00eembun\u0103t\u0103\u021biri, idei, probleme, reclama\u021bii \u0219i alte aspecte legate de Serviciul nostru (\u201eFeedback\u201d). Recunoa\u0219te\u021bi \u0219i sunte\u021bi de acord c\u0103: (i) nu ve\u021bi re\u021bine, dob\u00e2ndi sau afirma niciun drept de proprietate intelectual\u0103 sau alt drept, titlu sau interes \u00een sau asupra Feedback-ului; (ii) Compania poate avea idei de dezvoltare similare cu Feedback-ul; (iii) Feedback-ul nu con\u021bine informa\u021bii confiden\u021biale sau informa\u021bii proprietare de la dvs. sau de la o ter\u021b\u0103 parte; \u0219i (iv) Compania nu are nicio obliga\u021bie de confiden\u021bialitate cu privire la Feedback. \u00cen cazul \u00een care transferul dreptului de proprietate asupra Feedback-ului nu este posibil din cauza legilor obligatorii aplicabile, acorda\u021bi companiei \u0219i afilia\u021bilor s\u0103i un drept de utilizare exclusiv, transferabil, irevocabil, gratuit, sub-licen\u021biat, nelimitat \u0219i perpetuu ( inclusiv copierea, modificarea, crearea de lucr\u0103ri derivate, publicarea, distribuirea \u0219i comercializarea) Feedback \u00een orice mod \u0219i pentru orice scop.<\/p>\n\n\n\n<h2 class=\"wp-block-heading\">Leg\u0103turi c\u0103tre alte site-uri web<\/h2>\n\n\n\n<p>Serviciul nostru poate con\u021bine link-uri c\u0103tre site-uri web sau servicii ter\u021be care nu sunt de\u021binute sau controlate de Sika Studio S.R.L..<\/p>\n\n\n\n<p>Sika Studio S.R.L. nu are control asupra \u0219i nu \u00ee\u0219i asum\u0103 nicio responsabilitate pentru con\u021binutul, politicile de confiden\u021bialitate sau practicile oric\u0103ror site-uri web sau servicii ter\u021be. Nu garant\u0103m ofertele niciuna dintre aceste entit\u0103\u021bi\/persoane fizice sau site-urile lor web.<\/p>\n\n\n\n<p>De exemplu, Termenii de utilizare sublinia\u021bi au fost crea\u021bi folosind PolicyMaker.io, o aplica\u021bie web gratuit\u0103 pentru generarea de documente juridice de \u00eenalt\u0103 calitate. Generatorul de Termeni \u0219i condi\u021bii de la PolicyMaker este un instrument gratuit u\u0219or de utilizat pentru a crea un \u0219ablon standard excelent de Termeni \u0219i condi\u021bii pentru un site web, blog, magazin de comer\u021b electronic sau aplica\u021bie.<\/p>\n\n\n\n<p><\/p>","protected":false},"excerpt":{"rendered":"<p>Introducere Bun venit la Sika Studio S.R.L. (\u201eCompanie\u201d, \u201enoi\u201d, \u201enostru\u201d, \u201enoi\u201d)! Ace\u0219ti Termeni \u0219i Condi\u021bii (\u201eTermeni\u201d, \u201eTermeni \u0219i condi\u021bii\u201d) guverneaz\u0103 [&hellip;]<\/p>","protected":false},"author":1,"featured_media":0,"parent":0,"menu_order":0,"comment_status":"closed","ping_status":"closed","template":"","meta":{"site-sidebar-layout":"default","site-content-layout":"","ast-site-content-layout":"","site-content-style":"default","site-sidebar-style":"default","ast-global-header-display":"","ast-banner-title-visibility":"","ast-main-header-display":"","ast-hfb-above-header-display":"","ast-hfb-below-header-display":"","ast-hfb-mobile-header-display":"","site-post-title":"","ast-breadcrumbs-content":"","ast-featured-img":"","footer-sml-layout":"","theme-transparent-header-meta":"","adv-header-id-meta":"","stick-header-meta":"","header-above-stick-meta":"","header-main-stick-meta":"","header-below-stick-meta":"","astra-migrate-meta-layouts":"default","ast-page-background-enabled":"default","ast-page-background-meta":{"desktop":{"background-color":"var(--ast-global-color-4)","background-image":"","background-repeat":"repeat","background-position":"center center","background-size":"auto","background-attachment":"scroll","background-type":"","background-media":"","overlay-type":"","overlay-color":"","overlay-opacity":"","overlay-gradient":""},"tablet":{"background-color":"","background-image":"","background-repeat":"repeat","background-position":"center center","background-size":"auto","background-attachment":"scroll","background-type":"","background-media":"","overlay-type":"","overlay-color":"","overlay-opacity":"","overlay-gradient":""},"mobile":{"background-color":"","background-image":"","background-repeat":"repeat","background-position":"center center","background-size":"auto","background-attachment":"scroll","background-type":"","background-media":"","overlay-type":"","overlay-color":"","overlay-opacity":"","overlay-gradient":""}},"ast-content-background-meta":{"desktop":{"background-color":"var(--ast-global-color-5)","background-image":"","background-repeat":"repeat","background-position":"center center","background-size":"auto","background-attachment":"scroll","background-type":"","background-media":"","overlay-type":"","overlay-color":"","overlay-opacity":"","overlay-gradient":""},"tablet":{"background-color":"var(--ast-global-color-5)","background-image":"","background-repeat":"repeat","background-position":"center center","background-size":"auto","background-attachment":"scroll","background-type":"","background-media":"","overlay-type":"","overlay-color":"","overlay-opacity":"","overlay-gradient":""},"mobile":{"background-color":"var(--ast-global-color-5)","background-image":"","background-repeat":"repeat","background-position":"center center","background-size":"auto","background-attachment":"scroll","background-type":"","background-media":"","overlay-type":"","overlay-color":"","overlay-opacity":"","overlay-gradient":""}},"footnotes":""},"class_list":["post-126","page","type-page","status-publish","hentry"],"yoast_head":"<!-- This site is optimized with the Yoast SEO plugin v26.8 - https:\/\/yoast.com\/product\/yoast-seo-wordpress\/ -->\n<title>Termeni si Conditii - Sika Studio<\/title>\n<meta name=\"robots\" content=\"index, follow, max-snippet:-1, max-image-preview:large, max-video-preview:-1\" \/>\n<link rel=\"canonical\" href=\"https:\/\/sikastudio.ro\/en\/termeni-si-conditii\/\" \/>\n<meta property=\"og:locale\" content=\"en_US\" \/>\n<meta property=\"og:type\" content=\"article\" \/>\n<meta property=\"og:title\" content=\"Termeni si Conditii - Sika Studio\" \/>\n<meta property=\"og:description\" content=\"Introducere Bun venit la Sika Studio S.R.L. (\u201eCompanie\u201d, \u201enoi\u201d, \u201enostru\u201d, \u201enoi\u201d)! Ace\u0219ti Termeni \u0219i Condi\u021bii (\u201eTermeni\u201d, \u201eTermeni \u0219i condi\u021bii\u201d) guverneaz\u0103 [&hellip;]\" \/>\n<meta property=\"og:url\" content=\"https:\/\/sikastudio.ro\/en\/termeni-si-conditii\/\" \/>\n<meta property=\"og:site_name\" content=\"Sika Studio\" \/>\n<meta property=\"article:modified_time\" content=\"2024-11-24T08:34:10+00:00\" \/>\n<meta name=\"twitter:card\" content=\"summary_large_image\" \/>\n<meta name=\"twitter:label1\" content=\"Est. reading time\" \/>\n\t<meta name=\"twitter:data1\" content=\"9 minutes\" \/>\n<script type=\"application\/ld+json\" class=\"yoast-schema-graph\">{\"@context\":\"https:\/\/schema.org\",\"@graph\":[{\"@type\":\"WebPage\",\"@id\":\"https:\/\/sikastudio.ro\/termeni-si-conditii\/\",\"url\":\"https:\/\/sikastudio.ro\/termeni-si-conditii\/\",\"name\":\"Termeni si Conditii - Sika Studio\",\"isPartOf\":{\"@id\":\"https:\/\/sikastudio.ro\/#website\"},\"datePublished\":\"2024-10-30T11:27:08+00:00\",\"dateModified\":\"2024-11-24T08:34:10+00:00\",\"breadcrumb\":{\"@id\":\"https:\/\/sikastudio.ro\/termeni-si-conditii\/#breadcrumb\"},\"inLanguage\":\"en-US\",\"potentialAction\":[{\"@type\":\"ReadAction\",\"target\":[\"https:\/\/sikastudio.ro\/termeni-si-conditii\/\"]}]},{\"@type\":\"BreadcrumbList\",\"@id\":\"https:\/\/sikastudio.ro\/termeni-si-conditii\/#breadcrumb\",\"itemListElement\":[{\"@type\":\"ListItem\",\"position\":1,\"name\":\"Home\",\"item\":\"https:\/\/sikastudio.ro\/\"},{\"@type\":\"ListItem\",\"position\":2,\"name\":\"Termeni si Conditii\"}]},{\"@type\":\"WebSite\",\"@id\":\"https:\/\/sikastudio.ro\/#website\",\"url\":\"https:\/\/sikastudio.ro\/\",\"name\":\"Sika Studio\",\"description\":\"\",\"publisher\":{\"@id\":\"https:\/\/sikastudio.ro\/#organization\"},\"potentialAction\":[{\"@type\":\"SearchAction\",\"target\":{\"@type\":\"EntryPoint\",\"urlTemplate\":\"https:\/\/sikastudio.ro\/?s={search_term_string}\"},\"query-input\":{\"@type\":\"PropertyValueSpecification\",\"valueRequired\":true,\"valueName\":\"search_term_string\"}}],\"inLanguage\":\"en-US\"},{\"@type\":\"Organization\",\"@id\":\"https:\/\/sikastudio.ro\/#organization\",\"name\":\"Sika Studio\",\"url\":\"https:\/\/sikastudio.ro\/\",\"logo\":{\"@type\":\"ImageObject\",\"inLanguage\":\"en-US\",\"@id\":\"https:\/\/sikastudio.ro\/#\/schema\/logo\/image\/\",\"url\":\"https:\/\/sikastudio.ro\/wp-content\/uploads\/2024\/10\/cropped-Original-on-transparent-scaled-2.webp\",\"contentUrl\":\"https:\/\/sikastudio.ro\/wp-content\/uploads\/2024\/10\/cropped-Original-on-transparent-scaled-2.webp\",\"width\":2560,\"height\":1926,\"caption\":\"Sika Studio\"},\"image\":{\"@id\":\"https:\/\/sikastudio.ro\/#\/schema\/logo\/image\/\"}}]}<\/script>\n<!-- \/ Yoast SEO plugin. -->","yoast_head_json":{"title":"Termeni si Conditii - Sika Studio","robots":{"index":"index","follow":"follow","max-snippet":"max-snippet:-1","max-image-preview":"max-image-preview:large","max-video-preview":"max-video-preview:-1"},"canonical":"https:\/\/sikastudio.ro\/en\/termeni-si-conditii\/","og_locale":"en_US","og_type":"article","og_title":"Termeni si Conditii - Sika Studio","og_description":"Introducere Bun venit la Sika Studio S.R.L. (\u201eCompanie\u201d, \u201enoi\u201d, \u201enostru\u201d, \u201enoi\u201d)! Ace\u0219ti Termeni \u0219i Condi\u021bii (\u201eTermeni\u201d, \u201eTermeni \u0219i condi\u021bii\u201d) guverneaz\u0103 [&hellip;]","og_url":"https:\/\/sikastudio.ro\/en\/termeni-si-conditii\/","og_site_name":"Sika Studio","article_modified_time":"2024-11-24T08:34:10+00:00","twitter_card":"summary_large_image","twitter_misc":{"Est. reading time":"9 minutes"},"schema":{"@context":"https:\/\/schema.org","@graph":[{"@type":"WebPage","@id":"https:\/\/sikastudio.ro\/termeni-si-conditii\/","url":"https:\/\/sikastudio.ro\/termeni-si-conditii\/","name":"Termeni si Conditii - Sika Studio","isPartOf":{"@id":"https:\/\/sikastudio.ro\/#website"},"datePublished":"2024-10-30T11:27:08+00:00","dateModified":"2024-11-24T08:34:10+00:00","breadcrumb":{"@id":"https:\/\/sikastudio.ro\/termeni-si-conditii\/#breadcrumb"},"inLanguage":"en-US","potentialAction":[{"@type":"ReadAction","target":["https:\/\/sikastudio.ro\/termeni-si-conditii\/"]}]},{"@type":"BreadcrumbList","@id":"https:\/\/sikastudio.ro\/termeni-si-conditii\/#breadcrumb","itemListElement":[{"@type":"ListItem","position":1,"name":"Home","item":"https:\/\/sikastudio.ro\/"},{"@type":"ListItem","position":2,"name":"Termeni si Conditii"}]},{"@type":"WebSite","@id":"https:\/\/sikastudio.ro\/#website","url":"https:\/\/sikastudio.ro\/","name":"Sika Studio","description":"","publisher":{"@id":"https:\/\/sikastudio.ro\/#organization"},"potentialAction":[{"@type":"SearchAction","target":{"@type":"EntryPoint","urlTemplate":"https:\/\/sikastudio.ro\/?s={search_term_string}"},"query-input":{"@type":"PropertyValueSpecification","valueRequired":true,"valueName":"search_term_string"}}],"inLanguage":"en-US"},{"@type":"Organization","@id":"https:\/\/sikastudio.ro\/#organization","name":"Sika Studio","url":"https:\/\/sikastudio.ro\/","logo":{"@type":"ImageObject","inLanguage":"en-US","@id":"https:\/\/sikastudio.ro\/#\/schema\/logo\/image\/","url":"https:\/\/sikastudio.ro\/wp-content\/uploads\/2024\/10\/cropped-Original-on-transparent-scaled-2.webp","contentUrl":"https:\/\/sikastudio.ro\/wp-content\/uploads\/2024\/10\/cropped-Original-on-transparent-scaled-2.webp","width":2560,"height":1926,"caption":"Sika Studio"},"image":{"@id":"https:\/\/sikastudio.ro\/#\/schema\/logo\/image\/"}}]}},"_links":{"self":[{"href":"https:\/\/sikastudio.ro\/en\/wp-json\/wp\/v2\/pages\/126","targetHints":{"allow":["GET"]}}],"collection":[{"href":"https:\/\/sikastudio.ro\/en\/wp-json\/wp\/v2\/pages"}],"about":[{"href":"https:\/\/sikastudio.ro\/en\/wp-json\/wp\/v2\/types\/page"}],"author":[{"embeddable":true,"href":"https:\/\/sikastudio.ro\/en\/wp-json\/wp\/v2\/users\/1"}],"replies":[{"embeddable":true,"href":"https:\/\/sikastudio.ro\/en\/wp-json\/wp\/v2\/comments?post=126"}],"version-history":[{"count":3,"href":"https:\/\/sikastudio.ro\/en\/wp-json\/wp\/v2\/pages\/126\/revisions"}],"predecessor-version":[{"id":569,"href":"https:\/\/sikastudio.ro\/en\/wp-json\/wp\/v2\/pages\/126\/revisions\/569"}],"wp:attachment":[{"href":"https:\/\/sikastudio.ro\/en\/wp-json\/wp\/v2\/media?parent=126"}],"curies":[{"name":"wp","href":"https:\/\/api.w.org\/{rel}","templated":true}]}}